{"id":10795,"date":"2024-06-03T00:00:00","date_gmt":"2024-06-02T22:00:00","guid":{"rendered":"https:\/\/www.vidalcandies.com\/producto\/party-mix\/"},"modified":"2025-07-10T13:14:58","modified_gmt":"2025-07-10T11:14:58","slug":"party-mix","status":"publish","type":"product","link":"https:\/\/www.vidalcandies.com\/pt\/producto\/party-mix\/","title":{"rendered":"Party Mix"},"content":{"rendered":"O Mix de guloseimas mais popular da marca Vidal inclui uma variedade de guloseimas irresist\u00edveis, tais como: Dipper Pad de morango, Bolitren, Sweet Cakes, Pastilhas el\u00e1sticas de mel\u00e3o, Rolla Belta de morango, Pompitos sortidos, uma saqueta sortida de gomas. Esta sele\u00e7\u00e3o \u00e9 ideal para qualquer tipo de festa, oferecendo uma grande variedade de sabores e formas, garantindo uma experi\u00eancia deliciosa para todos os gostos.","protected":false},"excerpt":{"rendered":"O Mix de guloseimas mais popular da marca Vidal inclui uma variedade de guloseimas irresist\u00edveis, tais como: Dipper Pad de morango, Bolitren, Sweet Cakes, Pastilhas el\u00e1sticas de mel\u00e3o, Rolla Belta de morango, Pompitos sortidos, uma saqueta sortida de gomas. Esta sele\u00e7\u00e3o \u00e9 ideal para qualquer tipo de festa, oferecendo uma grande variedade de sabores e&hellip;","protected":false},"featured_media":10798,"comment_status":"closed","ping_status":"closed","template":"","meta":{"_acf_changed":false,"_trash_the_other_posts":false,"editor_notices":[]},"tipo-producto":[],"product_cat":[19],"product_tag":[],"class_list":{"2":"type-product","7":"product","8":"first","9":"instock","10":"product-type-simple"},"acf":[],"yoast_head":"<!-- This site is optimized with the Yoast SEO plugin v24.2 - https:\/\/yoast.com\/wordpress\/plugins\/seo\/ -->\n<title>- Party Mix<\/title>\n<meta name=\"description\" content=\"O Mix de guloseimas mais popular da marca Vidal inclui uma variedade de guloseimas irresist\u00edveis, tais como: Dipper Pad de morango, Bolitren, Sweet Cakes, Pastilhas el\u00e1sticas de mel\u00e3o, Rolla Belta de morango, Pompitos sortidos, uma saqueta sortida de gomas. Esta sele\u00e7\u00e3o \u00e9 ideal para qualquer tipo de festa, oferecendo uma grande variedade de sabores e formas, garantindo uma experi\u00eancia deliciosa para todos os gostos.\" \/>\n<meta name=\"robots\" content=\"noindex, nofollow\" \/>\n<meta property=\"og:locale\" content=\"pt_PT\" \/>\n<meta property=\"og:type\" content=\"article\" \/>\n<meta property=\"og:title\" content=\"- Party Mix\" \/>\n<meta property=\"og:description\" content=\"O Mix de guloseimas mais popular da marca Vidal inclui uma variedade de guloseimas irresist\u00edveis, tais como: Dipper Pad de morango, Bolitren, Sweet Cakes, Pastilhas el\u00e1sticas de mel\u00e3o, Rolla Belta de morango, Pompitos sortidos, uma saqueta sortida de gomas. Esta sele\u00e7\u00e3o \u00e9 ideal para qualquer tipo de festa, oferecendo uma grande variedade de sabores e formas, garantindo uma experi\u00eancia deliciosa para todos os gostos.\" \/>\n<meta property=\"og:url\" content=\"https:\/\/www.vidalcandies.com\/pt\/producto\/party-mix\/\" \/>\n<meta property=\"og:site_name\" content=\"Vidal Golosinas\" \/>\n<meta property=\"article:publisher\" content=\"https:\/\/www.facebook.com\/GolosinasVidal\/\" \/>\n<meta property=\"article:modified_time\" content=\"2025-07-10T11:14:58+00:00\" \/>\n<meta property=\"og:image\" content=\"https:\/\/www.vidalcandies.com\/wp-content\/uploads\/2024\/07\/vidal-golosinas-party-mix-1.png\" \/>\n<meta name=\"twitter:card\" content=\"summary_large_image\" \/>\n<meta name=\"twitter:title\" content=\"- Party Mix\" \/>\n<meta name=\"twitter:description\" content=\"O Mix de guloseimas mais popular da marca Vidal inclui uma variedade de guloseimas irresist\u00edveis, tais como: Dipper Pad de morango, Bolitren, Sweet Cakes, Pastilhas el\u00e1sticas de mel\u00e3o, Rolla Belta de morango, Pompitos sortidos, uma saqueta sortida de gomas. Esta sele\u00e7\u00e3o \u00e9 ideal para qualquer tipo de festa, oferecendo uma grande variedade de sabores e formas, garantindo uma experi\u00eancia deliciosa para todos os gostos.\" \/>\n<meta name=\"twitter:image\" content=\"https:\/\/www.vidalcandies.com\/wp-content\/uploads\/2024\/07\/vidal-golosinas-party-mix-1.png\" \/>\n<meta name=\"twitter:site\" content=\"@Vidal_Golosinas\" \/>\n<script type=\"application\/ld+json\" class=\"yoast-schema-graph\">{\"@context\":\"https:\/\/schema.org\",\"@graph\":[{\"@type\":\"WebPage\",\"@id\":\"https:\/\/www.vidalcandies.com\/pt\/producto\/party-mix\/\",\"url\":\"https:\/\/www.vidalcandies.com\/pt\/producto\/party-mix\/\",\"name\":\"- Party Mix\",\"isPartOf\":{\"@id\":\"https:\/\/www.vidalcandies.com\/pt\/#website\"},\"primaryImageOfPage\":{\"@id\":\"https:\/\/www.vidalcandies.com\/pt\/producto\/party-mix\/#primaryimage\"},\"image\":{\"@id\":\"https:\/\/www.vidalcandies.com\/pt\/producto\/party-mix\/#primaryimage\"},\"thumbnailUrl\":\"https:\/\/www.vidalcandies.com\/pt\/wp-content\/uploads\/sites\/4\/2024\/07\/vidal-golosinas-party-mix-1-ext.png\",\"datePublished\":\"2024-06-02T22:00:00+00:00\",\"dateModified\":\"2025-07-10T11:14:58+00:00\",\"description\":\"O Mix de guloseimas mais popular da marca Vidal inclui uma variedade de guloseimas irresist\u00edveis, tais como: Dipper Pad de morango, Bolitren, Sweet Cakes, Pastilhas el\u00e1sticas de mel\u00e3o, Rolla Belta de morango, Pompitos sortidos, uma saqueta sortida de gomas. Esta sele\u00e7\u00e3o \u00e9 ideal para qualquer tipo de festa, oferecendo uma grande variedade de sabores e formas, garantindo uma experi\u00eancia deliciosa para todos os gostos.\",\"breadcrumb\":{\"@id\":\"https:\/\/www.vidalcandies.com\/pt\/producto\/party-mix\/#breadcrumb\"},\"inLanguage\":\"pt-PT\",\"potentialAction\":[{\"@type\":\"ReadAction\",\"target\":[\"https:\/\/www.vidalcandies.com\/pt\/producto\/party-mix\/\"]}]},{\"@type\":\"ImageObject\",\"inLanguage\":\"pt-PT\",\"@id\":\"https:\/\/www.vidalcandies.com\/pt\/producto\/party-mix\/#primaryimage\",\"url\":\"https:\/\/www.vidalcandies.com\/pt\/wp-content\/uploads\/sites\/4\/2024\/07\/vidal-golosinas-party-mix-1-ext.png\",\"contentUrl\":\"https:\/\/www.vidalcandies.com\/pt\/wp-content\/uploads\/sites\/4\/2024\/07\/vidal-golosinas-party-mix-1-ext.png\",\"width\":1000,\"height\":1000,\"caption\":\"Party Mix\"},{\"@type\":\"BreadcrumbList\",\"@id\":\"https:\/\/www.vidalcandies.com\/pt\/producto\/party-mix\/#breadcrumb\",\"itemListElement\":[{\"@type\":\"ListItem\",\"position\":1,\"name\":\"Home\",\"item\":\"https:\/\/www.vidalcandies.com\/pt\/\"},{\"@type\":\"ListItem\",\"position\":2,\"name\":\"Cat\u00e1logo\",\"item\":\"https:\/\/www.vidalcandies.com\/pt\/catalogo\/\"},{\"@type\":\"ListItem\",\"position\":3,\"name\":\"Party Mix\"}]},{\"@type\":\"WebSite\",\"@id\":\"https:\/\/www.vidalcandies.com\/pt\/#website\",\"url\":\"https:\/\/www.vidalcandies.com\/pt\/\",\"name\":\"Vidal Golosinas\",\"description\":\"\",\"publisher\":{\"@id\":\"https:\/\/www.vidalcandies.com\/pt\/#organization\"},\"alternateName\":\"Vidal Golosinas\",\"potentialAction\":[{\"@type\":\"SearchAction\",\"target\":{\"@type\":\"EntryPoint\",\"urlTemplate\":\"https:\/\/www.vidalcandies.com\/pt\/?s={search_term_string}\"},\"query-input\":{\"@type\":\"PropertyValueSpecification\",\"valueRequired\":true,\"valueName\":\"search_term_string\"}}],\"inLanguage\":\"pt-PT\"},{\"@type\":\"Organization\",\"@id\":\"https:\/\/www.vidalcandies.com\/pt\/#organization\",\"name\":\"Vidal Golosinas\",\"alternateName\":\"Vidal Golosinas\",\"url\":\"https:\/\/www.vidalcandies.com\/pt\/\",\"logo\":{\"@type\":\"ImageObject\",\"inLanguage\":\"pt-PT\",\"@id\":\"https:\/\/www.vidalcandies.com\/pt\/#\/schema\/logo\/image\/\",\"url\":\"https:\/\/www.vidalcandies.com\/wp-content\/uploads\/2024\/04\/logotipo-vidal.svg\",\"contentUrl\":\"https:\/\/www.vidalcandies.com\/wp-content\/uploads\/2024\/04\/logotipo-vidal.svg\",\"width\":260,\"height\":116,\"caption\":\"Vidal Golosinas\"},\"image\":{\"@id\":\"https:\/\/www.vidalcandies.com\/pt\/#\/schema\/logo\/image\/\"},\"sameAs\":[\"https:\/\/www.facebook.com\/GolosinasVidal\/\",\"https:\/\/x.com\/Vidal_Golosinas\",\"https:\/\/www.instagram.com\/vidalgolosinas\/\",\"https:\/\/www.linkedin.com\/company\/vidalgolosinas\/?originalSubdomain=es\",\"https:\/\/www.youtube.com\/channel\/UCL3pvbVj0ANtOPdNiXsXs6A\"]}]}<\/script>\n<!-- \/ Yoast SEO plugin. -->","yoast_head_json":{"title":"- Party Mix","description":"O Mix de guloseimas mais popular da marca Vidal inclui uma variedade de guloseimas irresist\u00edveis, tais como: Dipper Pad de morango, Bolitren, Sweet Cakes, Pastilhas el\u00e1sticas de mel\u00e3o, Rolla Belta de morango, Pompitos sortidos, uma saqueta sortida de gomas. Esta sele\u00e7\u00e3o \u00e9 ideal para qualquer tipo de festa, oferecendo uma grande variedade de sabores e formas, garantindo uma experi\u00eancia deliciosa para todos os gostos.","robots":{"index":"noindex","follow":"nofollow"},"og_locale":"pt_PT","og_type":"article","og_title":"- Party Mix","og_description":"O Mix de guloseimas mais popular da marca Vidal inclui uma variedade de guloseimas irresist\u00edveis, tais como: Dipper Pad de morango, Bolitren, Sweet Cakes, Pastilhas el\u00e1sticas de mel\u00e3o, Rolla Belta de morango, Pompitos sortidos, uma saqueta sortida de gomas. Esta sele\u00e7\u00e3o \u00e9 ideal para qualquer tipo de festa, oferecendo uma grande variedade de sabores e formas, garantindo uma experi\u00eancia deliciosa para todos os gostos.","og_url":"https:\/\/www.vidalcandies.com\/pt\/producto\/party-mix\/","og_site_name":"Vidal Golosinas","article_publisher":"https:\/\/www.facebook.com\/GolosinasVidal\/","article_modified_time":"2025-07-10T11:14:58+00:00","og_image":[{"url":"https:\/\/www.vidalcandies.com\/wp-content\/uploads\/2024\/07\/vidal-golosinas-party-mix-1.png","type":"","width":"","height":""}],"twitter_card":"summary_large_image","twitter_title":"- Party Mix","twitter_description":"O Mix de guloseimas mais popular da marca Vidal inclui uma variedade de guloseimas irresist\u00edveis, tais como: Dipper Pad de morango, Bolitren, Sweet Cakes, Pastilhas el\u00e1sticas de mel\u00e3o, Rolla Belta de morango, Pompitos sortidos, uma saqueta sortida de gomas. Esta sele\u00e7\u00e3o \u00e9 ideal para qualquer tipo de festa, oferecendo uma grande variedade de sabores e formas, garantindo uma experi\u00eancia deliciosa para todos os gostos.","twitter_image":"https:\/\/www.vidalcandies.com\/wp-content\/uploads\/2024\/07\/vidal-golosinas-party-mix-1.png","twitter_site":"@Vidal_Golosinas","schema":{"@context":"https:\/\/schema.org","@graph":[{"@type":"WebPage","@id":"https:\/\/www.vidalcandies.com\/pt\/producto\/party-mix\/","url":"https:\/\/www.vidalcandies.com\/pt\/producto\/party-mix\/","name":"- Party Mix","isPartOf":{"@id":"https:\/\/www.vidalcandies.com\/pt\/#website"},"primaryImageOfPage":{"@id":"https:\/\/www.vidalcandies.com\/pt\/producto\/party-mix\/#primaryimage"},"image":{"@id":"https:\/\/www.vidalcandies.com\/pt\/producto\/party-mix\/#primaryimage"},"thumbnailUrl":"https:\/\/www.vidalcandies.com\/pt\/wp-content\/uploads\/sites\/4\/2024\/07\/vidal-golosinas-party-mix-1-ext.png","datePublished":"2024-06-02T22:00:00+00:00","dateModified":"2025-07-10T11:14:58+00:00","description":"O Mix de guloseimas mais popular da marca Vidal inclui uma variedade de guloseimas irresist\u00edveis, tais como: Dipper Pad de morango, Bolitren, Sweet Cakes, Pastilhas el\u00e1sticas de mel\u00e3o, Rolla Belta de morango, Pompitos sortidos, uma saqueta sortida de gomas. Esta sele\u00e7\u00e3o \u00e9 ideal para qualquer tipo de festa, oferecendo uma grande variedade de sabores e formas, garantindo uma experi\u00eancia deliciosa para todos os gostos.","breadcrumb":{"@id":"https:\/\/www.vidalcandies.com\/pt\/producto\/party-mix\/#breadcrumb"},"inLanguage":"pt-PT","potentialAction":[{"@type":"ReadAction","target":["https:\/\/www.vidalcandies.com\/pt\/producto\/party-mix\/"]}]},{"@type":"ImageObject","inLanguage":"pt-PT","@id":"https:\/\/www.vidalcandies.com\/pt\/producto\/party-mix\/#primaryimage","url":"https:\/\/www.vidalcandies.com\/pt\/wp-content\/uploads\/sites\/4\/2024\/07\/vidal-golosinas-party-mix-1-ext.png","contentUrl":"https:\/\/www.vidalcandies.com\/pt\/wp-content\/uploads\/sites\/4\/2024\/07\/vidal-golosinas-party-mix-1-ext.png","width":1000,"height":1000,"caption":"Party Mix"},{"@type":"BreadcrumbList","@id":"https:\/\/www.vidalcandies.com\/pt\/producto\/party-mix\/#breadcrumb","itemListElement":[{"@type":"ListItem","position":1,"name":"Home","item":"https:\/\/www.vidalcandies.com\/pt\/"},{"@type":"ListItem","position":2,"name":"Cat\u00e1logo","item":"https:\/\/www.vidalcandies.com\/pt\/catalogo\/"},{"@type":"ListItem","position":3,"name":"Party Mix"}]},{"@type":"WebSite","@id":"https:\/\/www.vidalcandies.com\/pt\/#website","url":"https:\/\/www.vidalcandies.com\/pt\/","name":"Vidal Golosinas","description":"","publisher":{"@id":"https:\/\/www.vidalcandies.com\/pt\/#organization"},"alternateName":"Vidal Golosinas","potentialAction":[{"@type":"SearchAction","target":{"@type":"EntryPoint","urlTemplate":"https:\/\/www.vidalcandies.com\/pt\/?s={search_term_string}"},"query-input":{"@type":"PropertyValueSpecification","valueRequired":true,"valueName":"search_term_string"}}],"inLanguage":"pt-PT"},{"@type":"Organization","@id":"https:\/\/www.vidalcandies.com\/pt\/#organization","name":"Vidal Golosinas","alternateName":"Vidal Golosinas","url":"https:\/\/www.vidalcandies.com\/pt\/","logo":{"@type":"ImageObject","inLanguage":"pt-PT","@id":"https:\/\/www.vidalcandies.com\/pt\/#\/schema\/logo\/image\/","url":"https:\/\/www.vidalcandies.com\/wp-content\/uploads\/2024\/04\/logotipo-vidal.svg","contentUrl":"https:\/\/www.vidalcandies.com\/wp-content\/uploads\/2024\/04\/logotipo-vidal.svg","width":260,"height":116,"caption":"Vidal Golosinas"},"image":{"@id":"https:\/\/www.vidalcandies.com\/pt\/#\/schema\/logo\/image\/"},"sameAs":["https:\/\/www.facebook.com\/GolosinasVidal\/","https:\/\/x.com\/Vidal_Golosinas","https:\/\/www.instagram.com\/vidalgolosinas\/","https:\/\/www.linkedin.com\/company\/vidalgolosinas\/?originalSubdomain=es","https:\/\/www.youtube.com\/channel\/UCL3pvbVj0ANtOPdNiXsXs6A"]}]}},"_links":{"self":[{"href":"https:\/\/www.vidalcandies.com\/pt\/wp-json\/wp\/v2\/product\/10795","targetHints":{"allow":["GET"]}}],"collection":[{"href":"https:\/\/www.vidalcandies.com\/pt\/wp-json\/wp\/v2\/product"}],"about":[{"href":"https:\/\/www.vidalcandies.com\/pt\/wp-json\/wp\/v2\/types\/product"}],"replies":[{"embeddable":true,"href":"https:\/\/www.vidalcandies.com\/pt\/wp-json\/wp\/v2\/comments?post=10795"}],"wp:featuredmedia":[{"embeddable":true,"href":"https:\/\/www.vidalcandies.com\/pt\/wp-json\/wp\/v2\/media\/10798"}],"wp:attachment":[{"href":"https:\/\/www.vidalcandies.com\/pt\/wp-json\/wp\/v2\/media?parent=10795"}],"wp:term":[{"taxonomy":"tipo-producto","embeddable":true,"href":"https:\/\/www.vidalcandies.com\/pt\/wp-json\/wp\/v2\/tipo-producto?post=10795"},{"taxonomy":"product_cat","embeddable":true,"href":"https:\/\/www.vidalcandies.com\/pt\/wp-json\/wp\/v2\/product_cat?post=10795"},{"taxonomy":"product_tag","embeddable":true,"href":"https:\/\/www.vidalcandies.com\/pt\/wp-json\/wp\/v2\/product_tag?post=10795"}],"curies":[{"name":"wp","href":"https:\/\/api.w.org\/{rel}","templated":true}]}}