{"id":10828,"date":"2024-06-03T00:00:00","date_gmt":"2024-06-02T22:00:00","guid":{"rendered":"https:\/\/www.vidalcandies.com\/producto\/mells-limon-mentol-sin-azucar\/"},"modified":"2025-07-10T13:14:58","modified_gmt":"2025-07-10T11:14:58","slug":"mells-limao-e-mentol-sem-acucar","status":"publish","type":"product","link":"https:\/\/www.vidalcandies.com\/pt\/producto\/mells-limao-e-mentol-sem-acucar\/","title":{"rendered":"Mells Lim\u00e3o e Mentol Sem A\u00e7\u00facar"},"content":{"rendered":"Outra proposta deliciosa da Mells da Vidal Golosinas s\u00e3o estes suaves rebu\u00e7ados bals\u00e2micos sem a\u00e7\u00facar com um vibrante sabor a lim\u00e3o. A sua frescura e o seu sabor intenso v\u00e3o surpreend\u00ea-lo, proporcionando-lhe uma experi\u00eancia de sabor refrescante e \u00fanica. N\u00e3o perca a oportunidade de os desfrutar!","protected":false},"excerpt":{"rendered":"Outra proposta deliciosa da Mells da Vidal Golosinas s\u00e3o estes suaves rebu\u00e7ados bals\u00e2micos sem a\u00e7\u00facar com um vibrante sabor a lim\u00e3o. A sua frescura e o seu sabor intenso v\u00e3o surpreend\u00ea-lo, proporcionando-lhe uma experi\u00eancia de sabor refrescante e \u00fanica. N\u00e3o perca a oportunidade de os desfrutar!","protected":false},"featured_media":10831,"comment_status":"closed","ping_status":"closed","template":"","meta":{"_acf_changed":false,"_trash_the_other_posts":false,"editor_notices":[]},"tipo-producto":[],"product_cat":[38],"product_tag":[],"class_list":{"2":"type-product","8":"product","9":"first","10":"instock","11":"product-type-simple"},"acf":[],"yoast_head":"<!-- This site is optimized with the Yoast SEO plugin v24.2 - https:\/\/yoast.com\/wordpress\/plugins\/seo\/ -->\n<title>Mells - Mells Lim\u00e3o e Mentol Sem A\u00e7\u00facar<\/title>\n<meta name=\"description\" content=\"Outra proposta deliciosa da Mells da Vidal Golosinas s\u00e3o estes suaves rebu\u00e7ados bals\u00e2micos sem a\u00e7\u00facar com um vibrante sabor a lim\u00e3o. A sua frescura e o seu sabor intenso v\u00e3o surpreend\u00ea-lo, proporcionando-lhe uma experi\u00eancia de sabor refrescante e \u00fanica. N\u00e3o perca a oportunidade de os desfrutar!\" \/>\n<meta name=\"robots\" content=\"noindex, nofollow\" \/>\n<meta property=\"og:locale\" content=\"pt_PT\" \/>\n<meta property=\"og:type\" content=\"article\" \/>\n<meta property=\"og:title\" content=\"Mells - Mells Lim\u00e3o e Mentol Sem A\u00e7\u00facar\" \/>\n<meta property=\"og:description\" content=\"Outra proposta deliciosa da Mells da Vidal Golosinas s\u00e3o estes suaves rebu\u00e7ados bals\u00e2micos sem a\u00e7\u00facar com um vibrante sabor a lim\u00e3o. A sua frescura e o seu sabor intenso v\u00e3o surpreend\u00ea-lo, proporcionando-lhe uma experi\u00eancia de sabor refrescante e \u00fanica. N\u00e3o perca a oportunidade de os desfrutar!\" \/>\n<meta property=\"og:url\" content=\"https:\/\/www.vidalcandies.com\/pt\/producto\/mells-limao-e-mentol-sem-acucar\/\" \/>\n<meta property=\"og:site_name\" content=\"Vidal Golosinas\" \/>\n<meta property=\"article:publisher\" content=\"https:\/\/www.facebook.com\/GolosinasVidal\/\" \/>\n<meta property=\"article:modified_time\" content=\"2025-07-10T11:14:58+00:00\" \/>\n<meta property=\"og:image\" content=\"https:\/\/www.vidalcandies.com\/wp-content\/uploads\/2024\/07\/vidal-golosinas-mells-limon-mentol-sin-azucar-1.png\" \/>\n<meta name=\"twitter:card\" content=\"summary_large_image\" \/>\n<meta name=\"twitter:title\" content=\"Mells - Mells Lim\u00e3o e Mentol Sem A\u00e7\u00facar\" \/>\n<meta name=\"twitter:description\" content=\"Outra proposta deliciosa da Mells da Vidal Golosinas s\u00e3o estes suaves rebu\u00e7ados bals\u00e2micos sem a\u00e7\u00facar com um vibrante sabor a lim\u00e3o. A sua frescura e o seu sabor intenso v\u00e3o surpreend\u00ea-lo, proporcionando-lhe uma experi\u00eancia de sabor refrescante e \u00fanica. N\u00e3o perca a oportunidade de os desfrutar!\" \/>\n<meta name=\"twitter:image\" content=\"https:\/\/www.vidalcandies.com\/wp-content\/uploads\/2024\/07\/vidal-golosinas-mells-limon-mentol-sin-azucar-1.png\" \/>\n<meta name=\"twitter:site\" content=\"@Vidal_Golosinas\" \/>\n<script type=\"application\/ld+json\" class=\"yoast-schema-graph\">{\"@context\":\"https:\/\/schema.org\",\"@graph\":[{\"@type\":\"WebPage\",\"@id\":\"https:\/\/www.vidalcandies.com\/pt\/producto\/mells-limao-e-mentol-sem-acucar\/\",\"url\":\"https:\/\/www.vidalcandies.com\/pt\/producto\/mells-limao-e-mentol-sem-acucar\/\",\"name\":\"Mells - Mells Lim\u00e3o e Mentol Sem A\u00e7\u00facar\",\"isPartOf\":{\"@id\":\"https:\/\/www.vidalcandies.com\/pt\/#website\"},\"primaryImageOfPage\":{\"@id\":\"https:\/\/www.vidalcandies.com\/pt\/producto\/mells-limao-e-mentol-sem-acucar\/#primaryimage\"},\"image\":{\"@id\":\"https:\/\/www.vidalcandies.com\/pt\/producto\/mells-limao-e-mentol-sem-acucar\/#primaryimage\"},\"thumbnailUrl\":\"https:\/\/www.vidalcandies.com\/pt\/wp-content\/uploads\/sites\/4\/2024\/07\/vidal-golosinas-mells-limon-mentol-sin-azucar-1-ext.png\",\"datePublished\":\"2024-06-02T22:00:00+00:00\",\"dateModified\":\"2025-07-10T11:14:58+00:00\",\"description\":\"Outra proposta deliciosa da Mells da Vidal Golosinas s\u00e3o estes suaves rebu\u00e7ados bals\u00e2micos sem a\u00e7\u00facar com um vibrante sabor a lim\u00e3o. A sua frescura e o seu sabor intenso v\u00e3o surpreend\u00ea-lo, proporcionando-lhe uma experi\u00eancia de sabor refrescante e \u00fanica. N\u00e3o perca a oportunidade de os desfrutar!\",\"breadcrumb\":{\"@id\":\"https:\/\/www.vidalcandies.com\/pt\/producto\/mells-limao-e-mentol-sem-acucar\/#breadcrumb\"},\"inLanguage\":\"pt-PT\",\"potentialAction\":[{\"@type\":\"ReadAction\",\"target\":[\"https:\/\/www.vidalcandies.com\/pt\/producto\/mells-limao-e-mentol-sem-acucar\/\"]}]},{\"@type\":\"ImageObject\",\"inLanguage\":\"pt-PT\",\"@id\":\"https:\/\/www.vidalcandies.com\/pt\/producto\/mells-limao-e-mentol-sem-acucar\/#primaryimage\",\"url\":\"https:\/\/www.vidalcandies.com\/pt\/wp-content\/uploads\/sites\/4\/2024\/07\/vidal-golosinas-mells-limon-mentol-sin-azucar-1-ext.png\",\"contentUrl\":\"https:\/\/www.vidalcandies.com\/pt\/wp-content\/uploads\/sites\/4\/2024\/07\/vidal-golosinas-mells-limon-mentol-sin-azucar-1-ext.png\",\"width\":1000,\"height\":1000,\"caption\":\"Mells Lim\u00f3n Mentol Sin Az\u00facar\"},{\"@type\":\"BreadcrumbList\",\"@id\":\"https:\/\/www.vidalcandies.com\/pt\/producto\/mells-limao-e-mentol-sem-acucar\/#breadcrumb\",\"itemListElement\":[{\"@type\":\"ListItem\",\"position\":1,\"name\":\"Home\",\"item\":\"https:\/\/www.vidalcandies.com\/pt\/\"},{\"@type\":\"ListItem\",\"position\":2,\"name\":\"Cat\u00e1logo\",\"item\":\"https:\/\/www.vidalcandies.com\/pt\/catalogo\/\"},{\"@type\":\"ListItem\",\"position\":3,\"name\":\"Mells Lim\u00e3o&hellip;\"}]},{\"@type\":\"WebSite\",\"@id\":\"https:\/\/www.vidalcandies.com\/pt\/#website\",\"url\":\"https:\/\/www.vidalcandies.com\/pt\/\",\"name\":\"Vidal Golosinas\",\"description\":\"\",\"publisher\":{\"@id\":\"https:\/\/www.vidalcandies.com\/pt\/#organization\"},\"alternateName\":\"Vidal Golosinas\",\"potentialAction\":[{\"@type\":\"SearchAction\",\"target\":{\"@type\":\"EntryPoint\",\"urlTemplate\":\"https:\/\/www.vidalcandies.com\/pt\/?s={search_term_string}\"},\"query-input\":{\"@type\":\"PropertyValueSpecification\",\"valueRequired\":true,\"valueName\":\"search_term_string\"}}],\"inLanguage\":\"pt-PT\"},{\"@type\":\"Organization\",\"@id\":\"https:\/\/www.vidalcandies.com\/pt\/#organization\",\"name\":\"Vidal Golosinas\",\"alternateName\":\"Vidal Golosinas\",\"url\":\"https:\/\/www.vidalcandies.com\/pt\/\",\"logo\":{\"@type\":\"ImageObject\",\"inLanguage\":\"pt-PT\",\"@id\":\"https:\/\/www.vidalcandies.com\/pt\/#\/schema\/logo\/image\/\",\"url\":\"https:\/\/www.vidalcandies.com\/wp-content\/uploads\/2024\/04\/logotipo-vidal.svg\",\"contentUrl\":\"https:\/\/www.vidalcandies.com\/wp-content\/uploads\/2024\/04\/logotipo-vidal.svg\",\"width\":260,\"height\":116,\"caption\":\"Vidal Golosinas\"},\"image\":{\"@id\":\"https:\/\/www.vidalcandies.com\/pt\/#\/schema\/logo\/image\/\"},\"sameAs\":[\"https:\/\/www.facebook.com\/GolosinasVidal\/\",\"https:\/\/x.com\/Vidal_Golosinas\",\"https:\/\/www.instagram.com\/vidalgolosinas\/\",\"https:\/\/www.linkedin.com\/company\/vidalgolosinas\/?originalSubdomain=es\",\"https:\/\/www.youtube.com\/channel\/UCL3pvbVj0ANtOPdNiXsXs6A\"]}]}<\/script>\n<!-- \/ Yoast SEO plugin. -->","yoast_head_json":{"title":"Mells - Mells Lim\u00e3o e Mentol Sem A\u00e7\u00facar","description":"Outra proposta deliciosa da Mells da Vidal Golosinas s\u00e3o estes suaves rebu\u00e7ados bals\u00e2micos sem a\u00e7\u00facar com um vibrante sabor a lim\u00e3o. A sua frescura e o seu sabor intenso v\u00e3o surpreend\u00ea-lo, proporcionando-lhe uma experi\u00eancia de sabor refrescante e \u00fanica. N\u00e3o perca a oportunidade de os desfrutar!","robots":{"index":"noindex","follow":"nofollow"},"og_locale":"pt_PT","og_type":"article","og_title":"Mells - Mells Lim\u00e3o e Mentol Sem A\u00e7\u00facar","og_description":"Outra proposta deliciosa da Mells da Vidal Golosinas s\u00e3o estes suaves rebu\u00e7ados bals\u00e2micos sem a\u00e7\u00facar com um vibrante sabor a lim\u00e3o. A sua frescura e o seu sabor intenso v\u00e3o surpreend\u00ea-lo, proporcionando-lhe uma experi\u00eancia de sabor refrescante e \u00fanica. N\u00e3o perca a oportunidade de os desfrutar!","og_url":"https:\/\/www.vidalcandies.com\/pt\/producto\/mells-limao-e-mentol-sem-acucar\/","og_site_name":"Vidal Golosinas","article_publisher":"https:\/\/www.facebook.com\/GolosinasVidal\/","article_modified_time":"2025-07-10T11:14:58+00:00","og_image":[{"url":"https:\/\/www.vidalcandies.com\/wp-content\/uploads\/2024\/07\/vidal-golosinas-mells-limon-mentol-sin-azucar-1.png","type":"","width":"","height":""}],"twitter_card":"summary_large_image","twitter_title":"Mells - Mells Lim\u00e3o e Mentol Sem A\u00e7\u00facar","twitter_description":"Outra proposta deliciosa da Mells da Vidal Golosinas s\u00e3o estes suaves rebu\u00e7ados bals\u00e2micos sem a\u00e7\u00facar com um vibrante sabor a lim\u00e3o. A sua frescura e o seu sabor intenso v\u00e3o surpreend\u00ea-lo, proporcionando-lhe uma experi\u00eancia de sabor refrescante e \u00fanica. N\u00e3o perca a oportunidade de os desfrutar!","twitter_image":"https:\/\/www.vidalcandies.com\/wp-content\/uploads\/2024\/07\/vidal-golosinas-mells-limon-mentol-sin-azucar-1.png","twitter_site":"@Vidal_Golosinas","schema":{"@context":"https:\/\/schema.org","@graph":[{"@type":"WebPage","@id":"https:\/\/www.vidalcandies.com\/pt\/producto\/mells-limao-e-mentol-sem-acucar\/","url":"https:\/\/www.vidalcandies.com\/pt\/producto\/mells-limao-e-mentol-sem-acucar\/","name":"Mells - Mells Lim\u00e3o e Mentol Sem A\u00e7\u00facar","isPartOf":{"@id":"https:\/\/www.vidalcandies.com\/pt\/#website"},"primaryImageOfPage":{"@id":"https:\/\/www.vidalcandies.com\/pt\/producto\/mells-limao-e-mentol-sem-acucar\/#primaryimage"},"image":{"@id":"https:\/\/www.vidalcandies.com\/pt\/producto\/mells-limao-e-mentol-sem-acucar\/#primaryimage"},"thumbnailUrl":"https:\/\/www.vidalcandies.com\/pt\/wp-content\/uploads\/sites\/4\/2024\/07\/vidal-golosinas-mells-limon-mentol-sin-azucar-1-ext.png","datePublished":"2024-06-02T22:00:00+00:00","dateModified":"2025-07-10T11:14:58+00:00","description":"Outra proposta deliciosa da Mells da Vidal Golosinas s\u00e3o estes suaves rebu\u00e7ados bals\u00e2micos sem a\u00e7\u00facar com um vibrante sabor a lim\u00e3o. A sua frescura e o seu sabor intenso v\u00e3o surpreend\u00ea-lo, proporcionando-lhe uma experi\u00eancia de sabor refrescante e \u00fanica. N\u00e3o perca a oportunidade de os desfrutar!","breadcrumb":{"@id":"https:\/\/www.vidalcandies.com\/pt\/producto\/mells-limao-e-mentol-sem-acucar\/#breadcrumb"},"inLanguage":"pt-PT","potentialAction":[{"@type":"ReadAction","target":["https:\/\/www.vidalcandies.com\/pt\/producto\/mells-limao-e-mentol-sem-acucar\/"]}]},{"@type":"ImageObject","inLanguage":"pt-PT","@id":"https:\/\/www.vidalcandies.com\/pt\/producto\/mells-limao-e-mentol-sem-acucar\/#primaryimage","url":"https:\/\/www.vidalcandies.com\/pt\/wp-content\/uploads\/sites\/4\/2024\/07\/vidal-golosinas-mells-limon-mentol-sin-azucar-1-ext.png","contentUrl":"https:\/\/www.vidalcandies.com\/pt\/wp-content\/uploads\/sites\/4\/2024\/07\/vidal-golosinas-mells-limon-mentol-sin-azucar-1-ext.png","width":1000,"height":1000,"caption":"Mells Lim\u00f3n Mentol Sin Az\u00facar"},{"@type":"BreadcrumbList","@id":"https:\/\/www.vidalcandies.com\/pt\/producto\/mells-limao-e-mentol-sem-acucar\/#breadcrumb","itemListElement":[{"@type":"ListItem","position":1,"name":"Home","item":"https:\/\/www.vidalcandies.com\/pt\/"},{"@type":"ListItem","position":2,"name":"Cat\u00e1logo","item":"https:\/\/www.vidalcandies.com\/pt\/catalogo\/"},{"@type":"ListItem","position":3,"name":"Mells Lim\u00e3o&hellip;"}]},{"@type":"WebSite","@id":"https:\/\/www.vidalcandies.com\/pt\/#website","url":"https:\/\/www.vidalcandies.com\/pt\/","name":"Vidal Golosinas","description":"","publisher":{"@id":"https:\/\/www.vidalcandies.com\/pt\/#organization"},"alternateName":"Vidal Golosinas","potentialAction":[{"@type":"SearchAction","target":{"@type":"EntryPoint","urlTemplate":"https:\/\/www.vidalcandies.com\/pt\/?s={search_term_string}"},"query-input":{"@type":"PropertyValueSpecification","valueRequired":true,"valueName":"search_term_string"}}],"inLanguage":"pt-PT"},{"@type":"Organization","@id":"https:\/\/www.vidalcandies.com\/pt\/#organization","name":"Vidal Golosinas","alternateName":"Vidal Golosinas","url":"https:\/\/www.vidalcandies.com\/pt\/","logo":{"@type":"ImageObject","inLanguage":"pt-PT","@id":"https:\/\/www.vidalcandies.com\/pt\/#\/schema\/logo\/image\/","url":"https:\/\/www.vidalcandies.com\/wp-content\/uploads\/2024\/04\/logotipo-vidal.svg","contentUrl":"https:\/\/www.vidalcandies.com\/wp-content\/uploads\/2024\/04\/logotipo-vidal.svg","width":260,"height":116,"caption":"Vidal Golosinas"},"image":{"@id":"https:\/\/www.vidalcandies.com\/pt\/#\/schema\/logo\/image\/"},"sameAs":["https:\/\/www.facebook.com\/GolosinasVidal\/","https:\/\/x.com\/Vidal_Golosinas","https:\/\/www.instagram.com\/vidalgolosinas\/","https:\/\/www.linkedin.com\/company\/vidalgolosinas\/?originalSubdomain=es","https:\/\/www.youtube.com\/channel\/UCL3pvbVj0ANtOPdNiXsXs6A"]}]}},"_links":{"self":[{"href":"https:\/\/www.vidalcandies.com\/pt\/wp-json\/wp\/v2\/product\/10828","targetHints":{"allow":["GET"]}}],"collection":[{"href":"https:\/\/www.vidalcandies.com\/pt\/wp-json\/wp\/v2\/product"}],"about":[{"href":"https:\/\/www.vidalcandies.com\/pt\/wp-json\/wp\/v2\/types\/product"}],"replies":[{"embeddable":true,"href":"https:\/\/www.vidalcandies.com\/pt\/wp-json\/wp\/v2\/comments?post=10828"}],"wp:featuredmedia":[{"embeddable":true,"href":"https:\/\/www.vidalcandies.com\/pt\/wp-json\/wp\/v2\/media\/10831"}],"wp:attachment":[{"href":"https:\/\/www.vidalcandies.com\/pt\/wp-json\/wp\/v2\/media?parent=10828"}],"wp:term":[{"taxonomy":"tipo-producto","embeddable":true,"href":"https:\/\/www.vidalcandies.com\/pt\/wp-json\/wp\/v2\/tipo-producto?post=10828"},{"taxonomy":"product_cat","embeddable":true,"href":"https:\/\/www.vidalcandies.com\/pt\/wp-json\/wp\/v2\/product_cat?post=10828"},{"taxonomy":"product_tag","embeddable":true,"href":"https:\/\/www.vidalcandies.com\/pt\/wp-json\/wp\/v2\/product_tag?post=10828"}],"curies":[{"name":"wp","href":"https:\/\/api.w.org\/{rel}","templated":true}]}}