{"id":10899,"date":"2024-06-03T00:00:00","date_gmt":"2024-06-02T22:00:00","guid":{"rendered":"https:\/\/www.vidalcandies.com\/producto\/strawbs\/"},"modified":"2025-07-10T13:14:59","modified_gmt":"2025-07-10T11:14:59","slug":"straws","status":"publish","type":"product","link":"https:\/\/www.vidalcandies.com\/pt\/producto\/straws\/","title":{"rendered":"Straws"},"content":{"rendered":"Mergulhe numa experi\u00eancia de sabor \u00fanica com estas pastilhas el\u00e1sticas, da Vidal Golosinas, em forma de morango. Cada dentada revela um delicioso recheio \u00e1cido que desperta as suas papilas gustativas. Esta pastilha el\u00e1stica original vai cativ\u00e1-lo desde o primeiro momento. N\u00e3o perca a oportunidade de se deliciares com esta guloseima que o far\u00e1 voltar para mais!","protected":false},"excerpt":{"rendered":"Mergulhe numa experi\u00eancia de sabor \u00fanica com estas pastilhas el\u00e1sticas, da Vidal Golosinas, em forma de morango. Cada dentada revela um delicioso recheio \u00e1cido que desperta as suas papilas gustativas. Esta pastilha el\u00e1stica original vai cativ\u00e1-lo desde o primeiro momento. N\u00e3o perca a oportunidade de se deliciares com esta guloseima que o far\u00e1 voltar para&hellip;","protected":false},"featured_media":10902,"comment_status":"closed","ping_status":"closed","template":"","meta":{"_acf_changed":false,"_trash_the_other_posts":false,"editor_notices":[]},"tipo-producto":[],"product_cat":[43],"product_tag":[],"class_list":{"2":"type-product","7":"product","8":"first","9":"instock","10":"product-type-simple"},"acf":[],"yoast_head":"<!-- This site is optimized with the Yoast SEO plugin v24.2 - https:\/\/yoast.com\/wordpress\/plugins\/seo\/ -->\n<title>- Straws<\/title>\n<meta name=\"description\" content=\"Mergulhe numa experi\u00eancia de sabor \u00fanica com estas pastilhas el\u00e1sticas, da Vidal Golosinas, em forma de morango. Cada dentada revela um delicioso recheio \u00e1cido que desperta as suas papilas gustativas. Esta pastilha el\u00e1stica original vai cativ\u00e1-lo desde o primeiro momento. N\u00e3o perca a oportunidade de se deliciares com esta guloseima que o far\u00e1 voltar para mais!\" \/>\n<meta name=\"robots\" content=\"noindex, nofollow\" \/>\n<meta property=\"og:locale\" content=\"pt_PT\" \/>\n<meta property=\"og:type\" content=\"article\" \/>\n<meta property=\"og:title\" content=\"- Straws\" \/>\n<meta property=\"og:description\" content=\"Mergulhe numa experi\u00eancia de sabor \u00fanica com estas pastilhas el\u00e1sticas, da Vidal Golosinas, em forma de morango. Cada dentada revela um delicioso recheio \u00e1cido que desperta as suas papilas gustativas. Esta pastilha el\u00e1stica original vai cativ\u00e1-lo desde o primeiro momento. N\u00e3o perca a oportunidade de se deliciares com esta guloseima que o far\u00e1 voltar para mais!\" \/>\n<meta property=\"og:url\" content=\"https:\/\/www.vidalcandies.com\/pt\/producto\/straws\/\" \/>\n<meta property=\"og:site_name\" content=\"Vidal Golosinas\" \/>\n<meta property=\"article:publisher\" content=\"https:\/\/www.facebook.com\/GolosinasVidal\/\" \/>\n<meta property=\"article:modified_time\" content=\"2025-07-10T11:14:59+00:00\" \/>\n<meta property=\"og:image\" content=\"https:\/\/www.vidalcandies.com\/wp-content\/uploads\/2024\/07\/vidal-golosinas-strawbs-1.png\" \/>\n<meta name=\"twitter:card\" content=\"summary_large_image\" \/>\n<meta name=\"twitter:title\" content=\"- Straws\" \/>\n<meta name=\"twitter:description\" content=\"Mergulhe numa experi\u00eancia de sabor \u00fanica com estas pastilhas el\u00e1sticas, da Vidal Golosinas, em forma de morango. Cada dentada revela um delicioso recheio \u00e1cido que desperta as suas papilas gustativas. Esta pastilha el\u00e1stica original vai cativ\u00e1-lo desde o primeiro momento. N\u00e3o perca a oportunidade de se deliciares com esta guloseima que o far\u00e1 voltar para mais!\" \/>\n<meta name=\"twitter:image\" content=\"https:\/\/www.vidalcandies.com\/wp-content\/uploads\/2024\/07\/vidal-golosinas-strawbs-1.png\" \/>\n<meta name=\"twitter:site\" content=\"@Vidal_Golosinas\" \/>\n<script type=\"application\/ld+json\" class=\"yoast-schema-graph\">{\"@context\":\"https:\/\/schema.org\",\"@graph\":[{\"@type\":\"WebPage\",\"@id\":\"https:\/\/www.vidalcandies.com\/pt\/producto\/straws\/\",\"url\":\"https:\/\/www.vidalcandies.com\/pt\/producto\/straws\/\",\"name\":\"- Straws\",\"isPartOf\":{\"@id\":\"https:\/\/www.vidalcandies.com\/pt\/#website\"},\"primaryImageOfPage\":{\"@id\":\"https:\/\/www.vidalcandies.com\/pt\/producto\/straws\/#primaryimage\"},\"image\":{\"@id\":\"https:\/\/www.vidalcandies.com\/pt\/producto\/straws\/#primaryimage\"},\"thumbnailUrl\":\"https:\/\/www.vidalcandies.com\/pt\/wp-content\/uploads\/sites\/4\/2024\/07\/vidal-golosinas-strawbs-1-ext.png\",\"datePublished\":\"2024-06-02T22:00:00+00:00\",\"dateModified\":\"2025-07-10T11:14:59+00:00\",\"description\":\"Mergulhe numa experi\u00eancia de sabor \u00fanica com estas pastilhas el\u00e1sticas, da Vidal Golosinas, em forma de morango. Cada dentada revela um delicioso recheio \u00e1cido que desperta as suas papilas gustativas. Esta pastilha el\u00e1stica original vai cativ\u00e1-lo desde o primeiro momento. N\u00e3o perca a oportunidade de se deliciares com esta guloseima que o far\u00e1 voltar para mais!\",\"breadcrumb\":{\"@id\":\"https:\/\/www.vidalcandies.com\/pt\/producto\/straws\/#breadcrumb\"},\"inLanguage\":\"pt-PT\",\"potentialAction\":[{\"@type\":\"ReadAction\",\"target\":[\"https:\/\/www.vidalcandies.com\/pt\/producto\/straws\/\"]}]},{\"@type\":\"ImageObject\",\"inLanguage\":\"pt-PT\",\"@id\":\"https:\/\/www.vidalcandies.com\/pt\/producto\/straws\/#primaryimage\",\"url\":\"https:\/\/www.vidalcandies.com\/pt\/wp-content\/uploads\/sites\/4\/2024\/07\/vidal-golosinas-strawbs-1-ext.png\",\"contentUrl\":\"https:\/\/www.vidalcandies.com\/pt\/wp-content\/uploads\/sites\/4\/2024\/07\/vidal-golosinas-strawbs-1-ext.png\",\"width\":1000,\"height\":1000,\"caption\":\"Strawbs\"},{\"@type\":\"BreadcrumbList\",\"@id\":\"https:\/\/www.vidalcandies.com\/pt\/producto\/straws\/#breadcrumb\",\"itemListElement\":[{\"@type\":\"ListItem\",\"position\":1,\"name\":\"Home\",\"item\":\"https:\/\/www.vidalcandies.com\/pt\/\"},{\"@type\":\"ListItem\",\"position\":2,\"name\":\"Cat\u00e1logo\",\"item\":\"https:\/\/www.vidalcandies.com\/pt\/catalogo\/\"},{\"@type\":\"ListItem\",\"position\":3,\"name\":\"Straws\"}]},{\"@type\":\"WebSite\",\"@id\":\"https:\/\/www.vidalcandies.com\/pt\/#website\",\"url\":\"https:\/\/www.vidalcandies.com\/pt\/\",\"name\":\"Vidal Golosinas\",\"description\":\"\",\"publisher\":{\"@id\":\"https:\/\/www.vidalcandies.com\/pt\/#organization\"},\"alternateName\":\"Vidal Golosinas\",\"potentialAction\":[{\"@type\":\"SearchAction\",\"target\":{\"@type\":\"EntryPoint\",\"urlTemplate\":\"https:\/\/www.vidalcandies.com\/pt\/?s={search_term_string}\"},\"query-input\":{\"@type\":\"PropertyValueSpecification\",\"valueRequired\":true,\"valueName\":\"search_term_string\"}}],\"inLanguage\":\"pt-PT\"},{\"@type\":\"Organization\",\"@id\":\"https:\/\/www.vidalcandies.com\/pt\/#organization\",\"name\":\"Vidal Golosinas\",\"alternateName\":\"Vidal Golosinas\",\"url\":\"https:\/\/www.vidalcandies.com\/pt\/\",\"logo\":{\"@type\":\"ImageObject\",\"inLanguage\":\"pt-PT\",\"@id\":\"https:\/\/www.vidalcandies.com\/pt\/#\/schema\/logo\/image\/\",\"url\":\"https:\/\/www.vidalcandies.com\/wp-content\/uploads\/2024\/04\/logotipo-vidal.svg\",\"contentUrl\":\"https:\/\/www.vidalcandies.com\/wp-content\/uploads\/2024\/04\/logotipo-vidal.svg\",\"width\":260,\"height\":116,\"caption\":\"Vidal Golosinas\"},\"image\":{\"@id\":\"https:\/\/www.vidalcandies.com\/pt\/#\/schema\/logo\/image\/\"},\"sameAs\":[\"https:\/\/www.facebook.com\/GolosinasVidal\/\",\"https:\/\/x.com\/Vidal_Golosinas\",\"https:\/\/www.instagram.com\/vidalgolosinas\/\",\"https:\/\/www.linkedin.com\/company\/vidalgolosinas\/?originalSubdomain=es\",\"https:\/\/www.youtube.com\/channel\/UCL3pvbVj0ANtOPdNiXsXs6A\"]}]}<\/script>\n<!-- \/ Yoast SEO plugin. -->","yoast_head_json":{"title":"- Straws","description":"Mergulhe numa experi\u00eancia de sabor \u00fanica com estas pastilhas el\u00e1sticas, da Vidal Golosinas, em forma de morango. Cada dentada revela um delicioso recheio \u00e1cido que desperta as suas papilas gustativas. Esta pastilha el\u00e1stica original vai cativ\u00e1-lo desde o primeiro momento. N\u00e3o perca a oportunidade de se deliciares com esta guloseima que o far\u00e1 voltar para mais!","robots":{"index":"noindex","follow":"nofollow"},"og_locale":"pt_PT","og_type":"article","og_title":"- Straws","og_description":"Mergulhe numa experi\u00eancia de sabor \u00fanica com estas pastilhas el\u00e1sticas, da Vidal Golosinas, em forma de morango. Cada dentada revela um delicioso recheio \u00e1cido que desperta as suas papilas gustativas. Esta pastilha el\u00e1stica original vai cativ\u00e1-lo desde o primeiro momento. N\u00e3o perca a oportunidade de se deliciares com esta guloseima que o far\u00e1 voltar para mais!","og_url":"https:\/\/www.vidalcandies.com\/pt\/producto\/straws\/","og_site_name":"Vidal Golosinas","article_publisher":"https:\/\/www.facebook.com\/GolosinasVidal\/","article_modified_time":"2025-07-10T11:14:59+00:00","og_image":[{"url":"https:\/\/www.vidalcandies.com\/wp-content\/uploads\/2024\/07\/vidal-golosinas-strawbs-1.png","type":"","width":"","height":""}],"twitter_card":"summary_large_image","twitter_title":"- Straws","twitter_description":"Mergulhe numa experi\u00eancia de sabor \u00fanica com estas pastilhas el\u00e1sticas, da Vidal Golosinas, em forma de morango. Cada dentada revela um delicioso recheio \u00e1cido que desperta as suas papilas gustativas. Esta pastilha el\u00e1stica original vai cativ\u00e1-lo desde o primeiro momento. N\u00e3o perca a oportunidade de se deliciares com esta guloseima que o far\u00e1 voltar para mais!","twitter_image":"https:\/\/www.vidalcandies.com\/wp-content\/uploads\/2024\/07\/vidal-golosinas-strawbs-1.png","twitter_site":"@Vidal_Golosinas","schema":{"@context":"https:\/\/schema.org","@graph":[{"@type":"WebPage","@id":"https:\/\/www.vidalcandies.com\/pt\/producto\/straws\/","url":"https:\/\/www.vidalcandies.com\/pt\/producto\/straws\/","name":"- Straws","isPartOf":{"@id":"https:\/\/www.vidalcandies.com\/pt\/#website"},"primaryImageOfPage":{"@id":"https:\/\/www.vidalcandies.com\/pt\/producto\/straws\/#primaryimage"},"image":{"@id":"https:\/\/www.vidalcandies.com\/pt\/producto\/straws\/#primaryimage"},"thumbnailUrl":"https:\/\/www.vidalcandies.com\/pt\/wp-content\/uploads\/sites\/4\/2024\/07\/vidal-golosinas-strawbs-1-ext.png","datePublished":"2024-06-02T22:00:00+00:00","dateModified":"2025-07-10T11:14:59+00:00","description":"Mergulhe numa experi\u00eancia de sabor \u00fanica com estas pastilhas el\u00e1sticas, da Vidal Golosinas, em forma de morango. Cada dentada revela um delicioso recheio \u00e1cido que desperta as suas papilas gustativas. Esta pastilha el\u00e1stica original vai cativ\u00e1-lo desde o primeiro momento. N\u00e3o perca a oportunidade de se deliciares com esta guloseima que o far\u00e1 voltar para mais!","breadcrumb":{"@id":"https:\/\/www.vidalcandies.com\/pt\/producto\/straws\/#breadcrumb"},"inLanguage":"pt-PT","potentialAction":[{"@type":"ReadAction","target":["https:\/\/www.vidalcandies.com\/pt\/producto\/straws\/"]}]},{"@type":"ImageObject","inLanguage":"pt-PT","@id":"https:\/\/www.vidalcandies.com\/pt\/producto\/straws\/#primaryimage","url":"https:\/\/www.vidalcandies.com\/pt\/wp-content\/uploads\/sites\/4\/2024\/07\/vidal-golosinas-strawbs-1-ext.png","contentUrl":"https:\/\/www.vidalcandies.com\/pt\/wp-content\/uploads\/sites\/4\/2024\/07\/vidal-golosinas-strawbs-1-ext.png","width":1000,"height":1000,"caption":"Strawbs"},{"@type":"BreadcrumbList","@id":"https:\/\/www.vidalcandies.com\/pt\/producto\/straws\/#breadcrumb","itemListElement":[{"@type":"ListItem","position":1,"name":"Home","item":"https:\/\/www.vidalcandies.com\/pt\/"},{"@type":"ListItem","position":2,"name":"Cat\u00e1logo","item":"https:\/\/www.vidalcandies.com\/pt\/catalogo\/"},{"@type":"ListItem","position":3,"name":"Straws"}]},{"@type":"WebSite","@id":"https:\/\/www.vidalcandies.com\/pt\/#website","url":"https:\/\/www.vidalcandies.com\/pt\/","name":"Vidal Golosinas","description":"","publisher":{"@id":"https:\/\/www.vidalcandies.com\/pt\/#organization"},"alternateName":"Vidal Golosinas","potentialAction":[{"@type":"SearchAction","target":{"@type":"EntryPoint","urlTemplate":"https:\/\/www.vidalcandies.com\/pt\/?s={search_term_string}"},"query-input":{"@type":"PropertyValueSpecification","valueRequired":true,"valueName":"search_term_string"}}],"inLanguage":"pt-PT"},{"@type":"Organization","@id":"https:\/\/www.vidalcandies.com\/pt\/#organization","name":"Vidal Golosinas","alternateName":"Vidal Golosinas","url":"https:\/\/www.vidalcandies.com\/pt\/","logo":{"@type":"ImageObject","inLanguage":"pt-PT","@id":"https:\/\/www.vidalcandies.com\/pt\/#\/schema\/logo\/image\/","url":"https:\/\/www.vidalcandies.com\/wp-content\/uploads\/2024\/04\/logotipo-vidal.svg","contentUrl":"https:\/\/www.vidalcandies.com\/wp-content\/uploads\/2024\/04\/logotipo-vidal.svg","width":260,"height":116,"caption":"Vidal Golosinas"},"image":{"@id":"https:\/\/www.vidalcandies.com\/pt\/#\/schema\/logo\/image\/"},"sameAs":["https:\/\/www.facebook.com\/GolosinasVidal\/","https:\/\/x.com\/Vidal_Golosinas","https:\/\/www.instagram.com\/vidalgolosinas\/","https:\/\/www.linkedin.com\/company\/vidalgolosinas\/?originalSubdomain=es","https:\/\/www.youtube.com\/channel\/UCL3pvbVj0ANtOPdNiXsXs6A"]}]}},"_links":{"self":[{"href":"https:\/\/www.vidalcandies.com\/pt\/wp-json\/wp\/v2\/product\/10899","targetHints":{"allow":["GET"]}}],"collection":[{"href":"https:\/\/www.vidalcandies.com\/pt\/wp-json\/wp\/v2\/product"}],"about":[{"href":"https:\/\/www.vidalcandies.com\/pt\/wp-json\/wp\/v2\/types\/product"}],"replies":[{"embeddable":true,"href":"https:\/\/www.vidalcandies.com\/pt\/wp-json\/wp\/v2\/comments?post=10899"}],"wp:featuredmedia":[{"embeddable":true,"href":"https:\/\/www.vidalcandies.com\/pt\/wp-json\/wp\/v2\/media\/10902"}],"wp:attachment":[{"href":"https:\/\/www.vidalcandies.com\/pt\/wp-json\/wp\/v2\/media?parent=10899"}],"wp:term":[{"taxonomy":"tipo-producto","embeddable":true,"href":"https:\/\/www.vidalcandies.com\/pt\/wp-json\/wp\/v2\/tipo-producto?post=10899"},{"taxonomy":"product_cat","embeddable":true,"href":"https:\/\/www.vidalcandies.com\/pt\/wp-json\/wp\/v2\/product_cat?post=10899"},{"taxonomy":"product_tag","embeddable":true,"href":"https:\/\/www.vidalcandies.com\/pt\/wp-json\/wp\/v2\/product_tag?post=10899"}],"curies":[{"name":"wp","href":"https:\/\/api.w.org\/{rel}","templated":true}]}}