{"id":11190,"date":"2024-06-03T00:00:00","date_gmt":"2024-06-02T22:00:00","guid":{"rendered":"https:\/\/www.vidalcandies.com\/producto\/ladrillos-blancos-fresa-nata\/"},"modified":"2025-07-10T13:15:06","modified_gmt":"2025-07-10T11:15:06","slug":"tijolos-brancos-morango-nata","status":"publish","type":"product","link":"https:\/\/www.vidalcandies.com\/pt\/producto\/tijolos-brancos-morango-nata\/","title":{"rendered":"Tijolos Brancos Morango-Nata"},"content":{"rendered":"Uma guloseima divertida e original espera por si com os nossos tijolos, o aut\u00eantico sabor a morango e nata, mas com as cores invertidas. No interior, encontrar\u00e1 a cor vermelha, enquanto o exterior ser\u00e1 branco. Esta guloseima original est\u00e1 pronta para ser saboreada numa \u00fanica dentada, oferecendo um sabor incompar\u00e1vel que ir\u00e1 deliciar os seus sentidos.","protected":false},"excerpt":{"rendered":"Uma guloseima divertida e original espera por si com os nossos tijolos, o aut\u00eantico sabor a morango e nata, mas com as cores invertidas. No interior, encontrar\u00e1 a cor vermelha, enquanto o exterior ser\u00e1 branco. Esta guloseima original est\u00e1 pronta para ser saboreada numa \u00fanica dentada, oferecendo um sabor incompar\u00e1vel que ir\u00e1 deliciar os seus&hellip;","protected":false},"featured_media":11193,"comment_status":"closed","ping_status":"closed","template":"","meta":{"_acf_changed":false,"_trash_the_other_posts":false,"editor_notices":[]},"tipo-producto":[],"product_cat":[24],"product_tag":[],"class_list":{"2":"type-product","7":"product","8":"first","9":"instock","10":"product-type-simple"},"acf":[],"yoast_head":"<!-- This site is optimized with the Yoast SEO plugin v24.2 - https:\/\/yoast.com\/wordpress\/plugins\/seo\/ -->\n<title>- Tijolos Brancos Morango-Nata<\/title>\n<meta name=\"description\" content=\"Uma guloseima divertida e original espera por si com os nossos tijolos, o aut\u00eantico sabor a morango e nata, mas com as cores invertidas. No interior, encontrar\u00e1 a cor vermelha, enquanto o exterior ser\u00e1 branco. Esta guloseima original est\u00e1 pronta para ser saboreada numa \u00fanica dentada, oferecendo um sabor incompar\u00e1vel que ir\u00e1 deliciar os seus sentidos.\" \/>\n<meta name=\"robots\" content=\"noindex, nofollow\" \/>\n<meta property=\"og:locale\" content=\"pt_PT\" \/>\n<meta property=\"og:type\" content=\"article\" \/>\n<meta property=\"og:title\" content=\"- Tijolos Brancos Morango-Nata\" \/>\n<meta property=\"og:description\" content=\"Uma guloseima divertida e original espera por si com os nossos tijolos, o aut\u00eantico sabor a morango e nata, mas com as cores invertidas. No interior, encontrar\u00e1 a cor vermelha, enquanto o exterior ser\u00e1 branco. Esta guloseima original est\u00e1 pronta para ser saboreada numa \u00fanica dentada, oferecendo um sabor incompar\u00e1vel que ir\u00e1 deliciar os seus sentidos.\" \/>\n<meta property=\"og:url\" content=\"https:\/\/www.vidalcandies.com\/pt\/producto\/tijolos-brancos-morango-nata\/\" \/>\n<meta property=\"og:site_name\" content=\"Vidal Golosinas\" \/>\n<meta property=\"article:publisher\" content=\"https:\/\/www.facebook.com\/GolosinasVidal\/\" \/>\n<meta property=\"article:modified_time\" content=\"2025-07-10T11:15:06+00:00\" \/>\n<meta property=\"og:image\" content=\"https:\/\/www.vidalcandies.com\/wp-content\/uploads\/2024\/07\/vidal-golosinas-ladrillos-blancos-fresa-nata-1.png\" \/>\n<meta name=\"twitter:card\" content=\"summary_large_image\" \/>\n<meta name=\"twitter:title\" content=\"- Tijolos Brancos Morango-Nata\" \/>\n<meta name=\"twitter:description\" content=\"Uma guloseima divertida e original espera por si com os nossos tijolos, o aut\u00eantico sabor a morango e nata, mas com as cores invertidas. No interior, encontrar\u00e1 a cor vermelha, enquanto o exterior ser\u00e1 branco. Esta guloseima original est\u00e1 pronta para ser saboreada numa \u00fanica dentada, oferecendo um sabor incompar\u00e1vel que ir\u00e1 deliciar os seus sentidos.\" \/>\n<meta name=\"twitter:image\" content=\"https:\/\/www.vidalcandies.com\/wp-content\/uploads\/2024\/07\/vidal-golosinas-ladrillos-blancos-fresa-nata-1.png\" \/>\n<meta name=\"twitter:site\" content=\"@Vidal_Golosinas\" \/>\n<script type=\"application\/ld+json\" class=\"yoast-schema-graph\">{\"@context\":\"https:\/\/schema.org\",\"@graph\":[{\"@type\":\"WebPage\",\"@id\":\"https:\/\/www.vidalcandies.com\/pt\/producto\/tijolos-brancos-morango-nata\/\",\"url\":\"https:\/\/www.vidalcandies.com\/pt\/producto\/tijolos-brancos-morango-nata\/\",\"name\":\"- Tijolos Brancos Morango-Nata\",\"isPartOf\":{\"@id\":\"https:\/\/www.vidalcandies.com\/pt\/#website\"},\"primaryImageOfPage\":{\"@id\":\"https:\/\/www.vidalcandies.com\/pt\/producto\/tijolos-brancos-morango-nata\/#primaryimage\"},\"image\":{\"@id\":\"https:\/\/www.vidalcandies.com\/pt\/producto\/tijolos-brancos-morango-nata\/#primaryimage\"},\"thumbnailUrl\":\"https:\/\/www.vidalcandies.com\/pt\/wp-content\/uploads\/sites\/4\/2024\/07\/vidal-golosinas-ladrillos-blancos-fresa-nata-1-ext.png\",\"datePublished\":\"2024-06-02T22:00:00+00:00\",\"dateModified\":\"2025-07-10T11:15:06+00:00\",\"description\":\"Uma guloseima divertida e original espera por si com os nossos tijolos, o aut\u00eantico sabor a morango e nata, mas com as cores invertidas. No interior, encontrar\u00e1 a cor vermelha, enquanto o exterior ser\u00e1 branco. Esta guloseima original est\u00e1 pronta para ser saboreada numa \u00fanica dentada, oferecendo um sabor incompar\u00e1vel que ir\u00e1 deliciar os seus sentidos.\",\"breadcrumb\":{\"@id\":\"https:\/\/www.vidalcandies.com\/pt\/producto\/tijolos-brancos-morango-nata\/#breadcrumb\"},\"inLanguage\":\"pt-PT\",\"potentialAction\":[{\"@type\":\"ReadAction\",\"target\":[\"https:\/\/www.vidalcandies.com\/pt\/producto\/tijolos-brancos-morango-nata\/\"]}]},{\"@type\":\"ImageObject\",\"inLanguage\":\"pt-PT\",\"@id\":\"https:\/\/www.vidalcandies.com\/pt\/producto\/tijolos-brancos-morango-nata\/#primaryimage\",\"url\":\"https:\/\/www.vidalcandies.com\/pt\/wp-content\/uploads\/sites\/4\/2024\/07\/vidal-golosinas-ladrillos-blancos-fresa-nata-1-ext.png\",\"contentUrl\":\"https:\/\/www.vidalcandies.com\/pt\/wp-content\/uploads\/sites\/4\/2024\/07\/vidal-golosinas-ladrillos-blancos-fresa-nata-1-ext.png\",\"width\":1000,\"height\":1000,\"caption\":\"Ladrillos Blancos Fresa Nata\"},{\"@type\":\"BreadcrumbList\",\"@id\":\"https:\/\/www.vidalcandies.com\/pt\/producto\/tijolos-brancos-morango-nata\/#breadcrumb\",\"itemListElement\":[{\"@type\":\"ListItem\",\"position\":1,\"name\":\"Home\",\"item\":\"https:\/\/www.vidalcandies.com\/pt\/\"},{\"@type\":\"ListItem\",\"position\":2,\"name\":\"Cat\u00e1logo\",\"item\":\"https:\/\/www.vidalcandies.com\/pt\/catalogo\/\"},{\"@type\":\"ListItem\",\"position\":3,\"name\":\"Tijolos Brancos&hellip;\"}]},{\"@type\":\"WebSite\",\"@id\":\"https:\/\/www.vidalcandies.com\/pt\/#website\",\"url\":\"https:\/\/www.vidalcandies.com\/pt\/\",\"name\":\"Vidal Golosinas\",\"description\":\"\",\"publisher\":{\"@id\":\"https:\/\/www.vidalcandies.com\/pt\/#organization\"},\"alternateName\":\"Vidal Golosinas\",\"potentialAction\":[{\"@type\":\"SearchAction\",\"target\":{\"@type\":\"EntryPoint\",\"urlTemplate\":\"https:\/\/www.vidalcandies.com\/pt\/?s={search_term_string}\"},\"query-input\":{\"@type\":\"PropertyValueSpecification\",\"valueRequired\":true,\"valueName\":\"search_term_string\"}}],\"inLanguage\":\"pt-PT\"},{\"@type\":\"Organization\",\"@id\":\"https:\/\/www.vidalcandies.com\/pt\/#organization\",\"name\":\"Vidal Golosinas\",\"alternateName\":\"Vidal Golosinas\",\"url\":\"https:\/\/www.vidalcandies.com\/pt\/\",\"logo\":{\"@type\":\"ImageObject\",\"inLanguage\":\"pt-PT\",\"@id\":\"https:\/\/www.vidalcandies.com\/pt\/#\/schema\/logo\/image\/\",\"url\":\"https:\/\/www.vidalcandies.com\/wp-content\/uploads\/2024\/04\/logotipo-vidal.svg\",\"contentUrl\":\"https:\/\/www.vidalcandies.com\/wp-content\/uploads\/2024\/04\/logotipo-vidal.svg\",\"width\":260,\"height\":116,\"caption\":\"Vidal Golosinas\"},\"image\":{\"@id\":\"https:\/\/www.vidalcandies.com\/pt\/#\/schema\/logo\/image\/\"},\"sameAs\":[\"https:\/\/www.facebook.com\/GolosinasVidal\/\",\"https:\/\/x.com\/Vidal_Golosinas\",\"https:\/\/www.instagram.com\/vidalgolosinas\/\",\"https:\/\/www.linkedin.com\/company\/vidalgolosinas\/?originalSubdomain=es\",\"https:\/\/www.youtube.com\/channel\/UCL3pvbVj0ANtOPdNiXsXs6A\"]}]}<\/script>\n<!-- \/ Yoast SEO plugin. -->","yoast_head_json":{"title":"- Tijolos Brancos Morango-Nata","description":"Uma guloseima divertida e original espera por si com os nossos tijolos, o aut\u00eantico sabor a morango e nata, mas com as cores invertidas. No interior, encontrar\u00e1 a cor vermelha, enquanto o exterior ser\u00e1 branco. Esta guloseima original est\u00e1 pronta para ser saboreada numa \u00fanica dentada, oferecendo um sabor incompar\u00e1vel que ir\u00e1 deliciar os seus sentidos.","robots":{"index":"noindex","follow":"nofollow"},"og_locale":"pt_PT","og_type":"article","og_title":"- Tijolos Brancos Morango-Nata","og_description":"Uma guloseima divertida e original espera por si com os nossos tijolos, o aut\u00eantico sabor a morango e nata, mas com as cores invertidas. No interior, encontrar\u00e1 a cor vermelha, enquanto o exterior ser\u00e1 branco. Esta guloseima original est\u00e1 pronta para ser saboreada numa \u00fanica dentada, oferecendo um sabor incompar\u00e1vel que ir\u00e1 deliciar os seus sentidos.","og_url":"https:\/\/www.vidalcandies.com\/pt\/producto\/tijolos-brancos-morango-nata\/","og_site_name":"Vidal Golosinas","article_publisher":"https:\/\/www.facebook.com\/GolosinasVidal\/","article_modified_time":"2025-07-10T11:15:06+00:00","og_image":[{"url":"https:\/\/www.vidalcandies.com\/wp-content\/uploads\/2024\/07\/vidal-golosinas-ladrillos-blancos-fresa-nata-1.png","type":"","width":"","height":""}],"twitter_card":"summary_large_image","twitter_title":"- Tijolos Brancos Morango-Nata","twitter_description":"Uma guloseima divertida e original espera por si com os nossos tijolos, o aut\u00eantico sabor a morango e nata, mas com as cores invertidas. No interior, encontrar\u00e1 a cor vermelha, enquanto o exterior ser\u00e1 branco. Esta guloseima original est\u00e1 pronta para ser saboreada numa \u00fanica dentada, oferecendo um sabor incompar\u00e1vel que ir\u00e1 deliciar os seus sentidos.","twitter_image":"https:\/\/www.vidalcandies.com\/wp-content\/uploads\/2024\/07\/vidal-golosinas-ladrillos-blancos-fresa-nata-1.png","twitter_site":"@Vidal_Golosinas","schema":{"@context":"https:\/\/schema.org","@graph":[{"@type":"WebPage","@id":"https:\/\/www.vidalcandies.com\/pt\/producto\/tijolos-brancos-morango-nata\/","url":"https:\/\/www.vidalcandies.com\/pt\/producto\/tijolos-brancos-morango-nata\/","name":"- Tijolos Brancos Morango-Nata","isPartOf":{"@id":"https:\/\/www.vidalcandies.com\/pt\/#website"},"primaryImageOfPage":{"@id":"https:\/\/www.vidalcandies.com\/pt\/producto\/tijolos-brancos-morango-nata\/#primaryimage"},"image":{"@id":"https:\/\/www.vidalcandies.com\/pt\/producto\/tijolos-brancos-morango-nata\/#primaryimage"},"thumbnailUrl":"https:\/\/www.vidalcandies.com\/pt\/wp-content\/uploads\/sites\/4\/2024\/07\/vidal-golosinas-ladrillos-blancos-fresa-nata-1-ext.png","datePublished":"2024-06-02T22:00:00+00:00","dateModified":"2025-07-10T11:15:06+00:00","description":"Uma guloseima divertida e original espera por si com os nossos tijolos, o aut\u00eantico sabor a morango e nata, mas com as cores invertidas. No interior, encontrar\u00e1 a cor vermelha, enquanto o exterior ser\u00e1 branco. Esta guloseima original est\u00e1 pronta para ser saboreada numa \u00fanica dentada, oferecendo um sabor incompar\u00e1vel que ir\u00e1 deliciar os seus sentidos.","breadcrumb":{"@id":"https:\/\/www.vidalcandies.com\/pt\/producto\/tijolos-brancos-morango-nata\/#breadcrumb"},"inLanguage":"pt-PT","potentialAction":[{"@type":"ReadAction","target":["https:\/\/www.vidalcandies.com\/pt\/producto\/tijolos-brancos-morango-nata\/"]}]},{"@type":"ImageObject","inLanguage":"pt-PT","@id":"https:\/\/www.vidalcandies.com\/pt\/producto\/tijolos-brancos-morango-nata\/#primaryimage","url":"https:\/\/www.vidalcandies.com\/pt\/wp-content\/uploads\/sites\/4\/2024\/07\/vidal-golosinas-ladrillos-blancos-fresa-nata-1-ext.png","contentUrl":"https:\/\/www.vidalcandies.com\/pt\/wp-content\/uploads\/sites\/4\/2024\/07\/vidal-golosinas-ladrillos-blancos-fresa-nata-1-ext.png","width":1000,"height":1000,"caption":"Ladrillos Blancos Fresa Nata"},{"@type":"BreadcrumbList","@id":"https:\/\/www.vidalcandies.com\/pt\/producto\/tijolos-brancos-morango-nata\/#breadcrumb","itemListElement":[{"@type":"ListItem","position":1,"name":"Home","item":"https:\/\/www.vidalcandies.com\/pt\/"},{"@type":"ListItem","position":2,"name":"Cat\u00e1logo","item":"https:\/\/www.vidalcandies.com\/pt\/catalogo\/"},{"@type":"ListItem","position":3,"name":"Tijolos Brancos&hellip;"}]},{"@type":"WebSite","@id":"https:\/\/www.vidalcandies.com\/pt\/#website","url":"https:\/\/www.vidalcandies.com\/pt\/","name":"Vidal Golosinas","description":"","publisher":{"@id":"https:\/\/www.vidalcandies.com\/pt\/#organization"},"alternateName":"Vidal Golosinas","potentialAction":[{"@type":"SearchAction","target":{"@type":"EntryPoint","urlTemplate":"https:\/\/www.vidalcandies.com\/pt\/?s={search_term_string}"},"query-input":{"@type":"PropertyValueSpecification","valueRequired":true,"valueName":"search_term_string"}}],"inLanguage":"pt-PT"},{"@type":"Organization","@id":"https:\/\/www.vidalcandies.com\/pt\/#organization","name":"Vidal Golosinas","alternateName":"Vidal Golosinas","url":"https:\/\/www.vidalcandies.com\/pt\/","logo":{"@type":"ImageObject","inLanguage":"pt-PT","@id":"https:\/\/www.vidalcandies.com\/pt\/#\/schema\/logo\/image\/","url":"https:\/\/www.vidalcandies.com\/wp-content\/uploads\/2024\/04\/logotipo-vidal.svg","contentUrl":"https:\/\/www.vidalcandies.com\/wp-content\/uploads\/2024\/04\/logotipo-vidal.svg","width":260,"height":116,"caption":"Vidal Golosinas"},"image":{"@id":"https:\/\/www.vidalcandies.com\/pt\/#\/schema\/logo\/image\/"},"sameAs":["https:\/\/www.facebook.com\/GolosinasVidal\/","https:\/\/x.com\/Vidal_Golosinas","https:\/\/www.instagram.com\/vidalgolosinas\/","https:\/\/www.linkedin.com\/company\/vidalgolosinas\/?originalSubdomain=es","https:\/\/www.youtube.com\/channel\/UCL3pvbVj0ANtOPdNiXsXs6A"]}]}},"_links":{"self":[{"href":"https:\/\/www.vidalcandies.com\/pt\/wp-json\/wp\/v2\/product\/11190","targetHints":{"allow":["GET"]}}],"collection":[{"href":"https:\/\/www.vidalcandies.com\/pt\/wp-json\/wp\/v2\/product"}],"about":[{"href":"https:\/\/www.vidalcandies.com\/pt\/wp-json\/wp\/v2\/types\/product"}],"replies":[{"embeddable":true,"href":"https:\/\/www.vidalcandies.com\/pt\/wp-json\/wp\/v2\/comments?post=11190"}],"wp:featuredmedia":[{"embeddable":true,"href":"https:\/\/www.vidalcandies.com\/pt\/wp-json\/wp\/v2\/media\/11193"}],"wp:attachment":[{"href":"https:\/\/www.vidalcandies.com\/pt\/wp-json\/wp\/v2\/media?parent=11190"}],"wp:term":[{"taxonomy":"tipo-producto","embeddable":true,"href":"https:\/\/www.vidalcandies.com\/pt\/wp-json\/wp\/v2\/tipo-producto?post=11190"},{"taxonomy":"product_cat","embeddable":true,"href":"https:\/\/www.vidalcandies.com\/pt\/wp-json\/wp\/v2\/product_cat?post=11190"},{"taxonomy":"product_tag","embeddable":true,"href":"https:\/\/www.vidalcandies.com\/pt\/wp-json\/wp\/v2\/product_tag?post=11190"}],"curies":[{"name":"wp","href":"https:\/\/api.w.org\/{rel}","templated":true}]}}