{"id":12698,"date":"2024-06-03T00:00:00","date_gmt":"2024-06-02T22:00:00","guid":{"rendered":"https:\/\/www.vidalcandies.com\/producto\/jelly-babies\/"},"modified":"2025-07-10T13:15:30","modified_gmt":"2025-07-10T11:15:30","slug":"jelly-babies","status":"publish","type":"product","link":"https:\/\/www.vidalcandies.com\/pt\/producto\/jelly-babies\/","title":{"rendered":"Jelly Babies"},"content":{"rendered":"Se est\u00e1 \u00e0 procura de uma guloseima com uma textura especial, tem de experimentar esta incr\u00edvel guloseima com textura de gelatina. Dispon\u00edvel em diferentes e variados sabores de frutas cl\u00e1ssicas como o morango, a laranja, o lim\u00e3o e a groselha. Esta guloseima \u00e9 ideal para desfrutar de uma s\u00f3 vez. A sua apresenta\u00e7\u00e3o e os seus sabores originais far\u00e3o com que estas guloseimas sejam um sucesso em qualquer evento.","protected":false},"excerpt":{"rendered":"Se est\u00e1 \u00e0 procura de uma guloseima com uma textura especial, tem de experimentar esta incr\u00edvel guloseima com textura de gelatina. Dispon\u00edvel em diferentes e variados sabores de frutas cl\u00e1ssicas como o morango, a laranja, o lim\u00e3o e a groselha. Esta guloseima \u00e9 ideal para desfrutar de uma s\u00f3 vez. A sua apresenta\u00e7\u00e3o e os&hellip;","protected":false},"featured_media":12701,"comment_status":"closed","ping_status":"closed","template":"","meta":{"_acf_changed":false,"_trash_the_other_posts":false,"editor_notices":[]},"tipo-producto":[],"product_cat":[19],"product_tag":[],"class_list":{"2":"type-product","7":"product","8":"first","9":"instock","10":"product-type-simple"},"acf":[],"yoast_head":"<!-- This site is optimized with the Yoast SEO plugin v24.2 - https:\/\/yoast.com\/wordpress\/plugins\/seo\/ -->\n<title>- Jelly Babies<\/title>\n<meta name=\"description\" content=\"Se est\u00e1 \u00e0 procura de uma guloseima com uma textura especial, tem de experimentar esta incr\u00edvel guloseima com textura de gelatina. Dispon\u00edvel em diferentes e variados sabores de frutas cl\u00e1ssicas como o morango, a laranja, o lim\u00e3o e a groselha. Esta guloseima \u00e9 ideal para desfrutar de uma s\u00f3 vez. A sua apresenta\u00e7\u00e3o e os seus sabores originais far\u00e3o com que estas guloseimas sejam um sucesso em qualquer evento.\" \/>\n<meta name=\"robots\" content=\"noindex, nofollow\" \/>\n<meta property=\"og:locale\" content=\"pt_PT\" \/>\n<meta property=\"og:type\" content=\"article\" \/>\n<meta property=\"og:title\" content=\"- Jelly Babies\" \/>\n<meta property=\"og:description\" content=\"Se est\u00e1 \u00e0 procura de uma guloseima com uma textura especial, tem de experimentar esta incr\u00edvel guloseima com textura de gelatina. Dispon\u00edvel em diferentes e variados sabores de frutas cl\u00e1ssicas como o morango, a laranja, o lim\u00e3o e a groselha. Esta guloseima \u00e9 ideal para desfrutar de uma s\u00f3 vez. A sua apresenta\u00e7\u00e3o e os seus sabores originais far\u00e3o com que estas guloseimas sejam um sucesso em qualquer evento.\" \/>\n<meta property=\"og:url\" content=\"https:\/\/www.vidalcandies.com\/pt\/producto\/jelly-babies\/\" \/>\n<meta property=\"og:site_name\" content=\"Vidal Golosinas\" \/>\n<meta property=\"article:publisher\" content=\"https:\/\/www.facebook.com\/GolosinasVidal\/\" \/>\n<meta property=\"article:modified_time\" content=\"2025-07-10T11:15:30+00:00\" \/>\n<meta property=\"og:image\" content=\"https:\/\/www.vidalcandies.com\/wp-content\/uploads\/2024\/07\/vidal-golosinas-jelly-babies-1.png\" \/>\n<meta name=\"twitter:card\" content=\"summary_large_image\" \/>\n<meta name=\"twitter:title\" content=\"- Jelly Babies\" \/>\n<meta name=\"twitter:description\" content=\"Se est\u00e1 \u00e0 procura de uma guloseima com uma textura especial, tem de experimentar esta incr\u00edvel guloseima com textura de gelatina. Dispon\u00edvel em diferentes e variados sabores de frutas cl\u00e1ssicas como o morango, a laranja, o lim\u00e3o e a groselha. Esta guloseima \u00e9 ideal para desfrutar de uma s\u00f3 vez. A sua apresenta\u00e7\u00e3o e os seus sabores originais far\u00e3o com que estas guloseimas sejam um sucesso em qualquer evento.\" \/>\n<meta name=\"twitter:image\" content=\"https:\/\/www.vidalcandies.com\/wp-content\/uploads\/2024\/07\/vidal-golosinas-jelly-babies-1.png\" \/>\n<meta name=\"twitter:site\" content=\"@Vidal_Golosinas\" \/>\n<script type=\"application\/ld+json\" class=\"yoast-schema-graph\">{\"@context\":\"https:\/\/schema.org\",\"@graph\":[{\"@type\":\"WebPage\",\"@id\":\"https:\/\/www.vidalcandies.com\/pt\/producto\/jelly-babies\/\",\"url\":\"https:\/\/www.vidalcandies.com\/pt\/producto\/jelly-babies\/\",\"name\":\"- Jelly Babies\",\"isPartOf\":{\"@id\":\"https:\/\/www.vidalcandies.com\/pt\/#website\"},\"primaryImageOfPage\":{\"@id\":\"https:\/\/www.vidalcandies.com\/pt\/producto\/jelly-babies\/#primaryimage\"},\"image\":{\"@id\":\"https:\/\/www.vidalcandies.com\/pt\/producto\/jelly-babies\/#primaryimage\"},\"thumbnailUrl\":\"https:\/\/www.vidalcandies.com\/pt\/wp-content\/uploads\/sites\/4\/2024\/07\/vidal-golosinas-jelly-babies-1-ext.png\",\"datePublished\":\"2024-06-02T22:00:00+00:00\",\"dateModified\":\"2025-07-10T11:15:30+00:00\",\"description\":\"Se est\u00e1 \u00e0 procura de uma guloseima com uma textura especial, tem de experimentar esta incr\u00edvel guloseima com textura de gelatina. Dispon\u00edvel em diferentes e variados sabores de frutas cl\u00e1ssicas como o morango, a laranja, o lim\u00e3o e a groselha. Esta guloseima \u00e9 ideal para desfrutar de uma s\u00f3 vez. A sua apresenta\u00e7\u00e3o e os seus sabores originais far\u00e3o com que estas guloseimas sejam um sucesso em qualquer evento.\",\"breadcrumb\":{\"@id\":\"https:\/\/www.vidalcandies.com\/pt\/producto\/jelly-babies\/#breadcrumb\"},\"inLanguage\":\"pt-PT\",\"potentialAction\":[{\"@type\":\"ReadAction\",\"target\":[\"https:\/\/www.vidalcandies.com\/pt\/producto\/jelly-babies\/\"]}]},{\"@type\":\"ImageObject\",\"inLanguage\":\"pt-PT\",\"@id\":\"https:\/\/www.vidalcandies.com\/pt\/producto\/jelly-babies\/#primaryimage\",\"url\":\"https:\/\/www.vidalcandies.com\/pt\/wp-content\/uploads\/sites\/4\/2024\/07\/vidal-golosinas-jelly-babies-1-ext.png\",\"contentUrl\":\"https:\/\/www.vidalcandies.com\/pt\/wp-content\/uploads\/sites\/4\/2024\/07\/vidal-golosinas-jelly-babies-1-ext.png\",\"width\":1000,\"height\":1000,\"caption\":\"Jelly Babies\"},{\"@type\":\"BreadcrumbList\",\"@id\":\"https:\/\/www.vidalcandies.com\/pt\/producto\/jelly-babies\/#breadcrumb\",\"itemListElement\":[{\"@type\":\"ListItem\",\"position\":1,\"name\":\"Home\",\"item\":\"https:\/\/www.vidalcandies.com\/pt\/\"},{\"@type\":\"ListItem\",\"position\":2,\"name\":\"Cat\u00e1logo\",\"item\":\"https:\/\/www.vidalcandies.com\/pt\/catalogo\/\"},{\"@type\":\"ListItem\",\"position\":3,\"name\":\"Jelly Babies\"}]},{\"@type\":\"WebSite\",\"@id\":\"https:\/\/www.vidalcandies.com\/pt\/#website\",\"url\":\"https:\/\/www.vidalcandies.com\/pt\/\",\"name\":\"Vidal Golosinas\",\"description\":\"\",\"publisher\":{\"@id\":\"https:\/\/www.vidalcandies.com\/pt\/#organization\"},\"alternateName\":\"Vidal Golosinas\",\"potentialAction\":[{\"@type\":\"SearchAction\",\"target\":{\"@type\":\"EntryPoint\",\"urlTemplate\":\"https:\/\/www.vidalcandies.com\/pt\/?s={search_term_string}\"},\"query-input\":{\"@type\":\"PropertyValueSpecification\",\"valueRequired\":true,\"valueName\":\"search_term_string\"}}],\"inLanguage\":\"pt-PT\"},{\"@type\":\"Organization\",\"@id\":\"https:\/\/www.vidalcandies.com\/pt\/#organization\",\"name\":\"Vidal Golosinas\",\"alternateName\":\"Vidal Golosinas\",\"url\":\"https:\/\/www.vidalcandies.com\/pt\/\",\"logo\":{\"@type\":\"ImageObject\",\"inLanguage\":\"pt-PT\",\"@id\":\"https:\/\/www.vidalcandies.com\/pt\/#\/schema\/logo\/image\/\",\"url\":\"https:\/\/www.vidalcandies.com\/wp-content\/uploads\/2024\/04\/logotipo-vidal.svg\",\"contentUrl\":\"https:\/\/www.vidalcandies.com\/wp-content\/uploads\/2024\/04\/logotipo-vidal.svg\",\"width\":260,\"height\":116,\"caption\":\"Vidal Golosinas\"},\"image\":{\"@id\":\"https:\/\/www.vidalcandies.com\/pt\/#\/schema\/logo\/image\/\"},\"sameAs\":[\"https:\/\/www.facebook.com\/GolosinasVidal\/\",\"https:\/\/x.com\/Vidal_Golosinas\",\"https:\/\/www.instagram.com\/vidalgolosinas\/\",\"https:\/\/www.linkedin.com\/company\/vidalgolosinas\/?originalSubdomain=es\",\"https:\/\/www.youtube.com\/channel\/UCL3pvbVj0ANtOPdNiXsXs6A\"]}]}<\/script>\n<!-- \/ Yoast SEO plugin. -->","yoast_head_json":{"title":"- Jelly Babies","description":"Se est\u00e1 \u00e0 procura de uma guloseima com uma textura especial, tem de experimentar esta incr\u00edvel guloseima com textura de gelatina. Dispon\u00edvel em diferentes e variados sabores de frutas cl\u00e1ssicas como o morango, a laranja, o lim\u00e3o e a groselha. Esta guloseima \u00e9 ideal para desfrutar de uma s\u00f3 vez. A sua apresenta\u00e7\u00e3o e os seus sabores originais far\u00e3o com que estas guloseimas sejam um sucesso em qualquer evento.","robots":{"index":"noindex","follow":"nofollow"},"og_locale":"pt_PT","og_type":"article","og_title":"- Jelly Babies","og_description":"Se est\u00e1 \u00e0 procura de uma guloseima com uma textura especial, tem de experimentar esta incr\u00edvel guloseima com textura de gelatina. Dispon\u00edvel em diferentes e variados sabores de frutas cl\u00e1ssicas como o morango, a laranja, o lim\u00e3o e a groselha. Esta guloseima \u00e9 ideal para desfrutar de uma s\u00f3 vez. A sua apresenta\u00e7\u00e3o e os seus sabores originais far\u00e3o com que estas guloseimas sejam um sucesso em qualquer evento.","og_url":"https:\/\/www.vidalcandies.com\/pt\/producto\/jelly-babies\/","og_site_name":"Vidal Golosinas","article_publisher":"https:\/\/www.facebook.com\/GolosinasVidal\/","article_modified_time":"2025-07-10T11:15:30+00:00","og_image":[{"url":"https:\/\/www.vidalcandies.com\/wp-content\/uploads\/2024\/07\/vidal-golosinas-jelly-babies-1.png","type":"","width":"","height":""}],"twitter_card":"summary_large_image","twitter_title":"- Jelly Babies","twitter_description":"Se est\u00e1 \u00e0 procura de uma guloseima com uma textura especial, tem de experimentar esta incr\u00edvel guloseima com textura de gelatina. Dispon\u00edvel em diferentes e variados sabores de frutas cl\u00e1ssicas como o morango, a laranja, o lim\u00e3o e a groselha. Esta guloseima \u00e9 ideal para desfrutar de uma s\u00f3 vez. A sua apresenta\u00e7\u00e3o e os seus sabores originais far\u00e3o com que estas guloseimas sejam um sucesso em qualquer evento.","twitter_image":"https:\/\/www.vidalcandies.com\/wp-content\/uploads\/2024\/07\/vidal-golosinas-jelly-babies-1.png","twitter_site":"@Vidal_Golosinas","schema":{"@context":"https:\/\/schema.org","@graph":[{"@type":"WebPage","@id":"https:\/\/www.vidalcandies.com\/pt\/producto\/jelly-babies\/","url":"https:\/\/www.vidalcandies.com\/pt\/producto\/jelly-babies\/","name":"- Jelly Babies","isPartOf":{"@id":"https:\/\/www.vidalcandies.com\/pt\/#website"},"primaryImageOfPage":{"@id":"https:\/\/www.vidalcandies.com\/pt\/producto\/jelly-babies\/#primaryimage"},"image":{"@id":"https:\/\/www.vidalcandies.com\/pt\/producto\/jelly-babies\/#primaryimage"},"thumbnailUrl":"https:\/\/www.vidalcandies.com\/pt\/wp-content\/uploads\/sites\/4\/2024\/07\/vidal-golosinas-jelly-babies-1-ext.png","datePublished":"2024-06-02T22:00:00+00:00","dateModified":"2025-07-10T11:15:30+00:00","description":"Se est\u00e1 \u00e0 procura de uma guloseima com uma textura especial, tem de experimentar esta incr\u00edvel guloseima com textura de gelatina. Dispon\u00edvel em diferentes e variados sabores de frutas cl\u00e1ssicas como o morango, a laranja, o lim\u00e3o e a groselha. Esta guloseima \u00e9 ideal para desfrutar de uma s\u00f3 vez. A sua apresenta\u00e7\u00e3o e os seus sabores originais far\u00e3o com que estas guloseimas sejam um sucesso em qualquer evento.","breadcrumb":{"@id":"https:\/\/www.vidalcandies.com\/pt\/producto\/jelly-babies\/#breadcrumb"},"inLanguage":"pt-PT","potentialAction":[{"@type":"ReadAction","target":["https:\/\/www.vidalcandies.com\/pt\/producto\/jelly-babies\/"]}]},{"@type":"ImageObject","inLanguage":"pt-PT","@id":"https:\/\/www.vidalcandies.com\/pt\/producto\/jelly-babies\/#primaryimage","url":"https:\/\/www.vidalcandies.com\/pt\/wp-content\/uploads\/sites\/4\/2024\/07\/vidal-golosinas-jelly-babies-1-ext.png","contentUrl":"https:\/\/www.vidalcandies.com\/pt\/wp-content\/uploads\/sites\/4\/2024\/07\/vidal-golosinas-jelly-babies-1-ext.png","width":1000,"height":1000,"caption":"Jelly Babies"},{"@type":"BreadcrumbList","@id":"https:\/\/www.vidalcandies.com\/pt\/producto\/jelly-babies\/#breadcrumb","itemListElement":[{"@type":"ListItem","position":1,"name":"Home","item":"https:\/\/www.vidalcandies.com\/pt\/"},{"@type":"ListItem","position":2,"name":"Cat\u00e1logo","item":"https:\/\/www.vidalcandies.com\/pt\/catalogo\/"},{"@type":"ListItem","position":3,"name":"Jelly Babies"}]},{"@type":"WebSite","@id":"https:\/\/www.vidalcandies.com\/pt\/#website","url":"https:\/\/www.vidalcandies.com\/pt\/","name":"Vidal Golosinas","description":"","publisher":{"@id":"https:\/\/www.vidalcandies.com\/pt\/#organization"},"alternateName":"Vidal Golosinas","potentialAction":[{"@type":"SearchAction","target":{"@type":"EntryPoint","urlTemplate":"https:\/\/www.vidalcandies.com\/pt\/?s={search_term_string}"},"query-input":{"@type":"PropertyValueSpecification","valueRequired":true,"valueName":"search_term_string"}}],"inLanguage":"pt-PT"},{"@type":"Organization","@id":"https:\/\/www.vidalcandies.com\/pt\/#organization","name":"Vidal Golosinas","alternateName":"Vidal Golosinas","url":"https:\/\/www.vidalcandies.com\/pt\/","logo":{"@type":"ImageObject","inLanguage":"pt-PT","@id":"https:\/\/www.vidalcandies.com\/pt\/#\/schema\/logo\/image\/","url":"https:\/\/www.vidalcandies.com\/wp-content\/uploads\/2024\/04\/logotipo-vidal.svg","contentUrl":"https:\/\/www.vidalcandies.com\/wp-content\/uploads\/2024\/04\/logotipo-vidal.svg","width":260,"height":116,"caption":"Vidal Golosinas"},"image":{"@id":"https:\/\/www.vidalcandies.com\/pt\/#\/schema\/logo\/image\/"},"sameAs":["https:\/\/www.facebook.com\/GolosinasVidal\/","https:\/\/x.com\/Vidal_Golosinas","https:\/\/www.instagram.com\/vidalgolosinas\/","https:\/\/www.linkedin.com\/company\/vidalgolosinas\/?originalSubdomain=es","https:\/\/www.youtube.com\/channel\/UCL3pvbVj0ANtOPdNiXsXs6A"]}]}},"_links":{"self":[{"href":"https:\/\/www.vidalcandies.com\/pt\/wp-json\/wp\/v2\/product\/12698","targetHints":{"allow":["GET"]}}],"collection":[{"href":"https:\/\/www.vidalcandies.com\/pt\/wp-json\/wp\/v2\/product"}],"about":[{"href":"https:\/\/www.vidalcandies.com\/pt\/wp-json\/wp\/v2\/types\/product"}],"replies":[{"embeddable":true,"href":"https:\/\/www.vidalcandies.com\/pt\/wp-json\/wp\/v2\/comments?post=12698"}],"wp:featuredmedia":[{"embeddable":true,"href":"https:\/\/www.vidalcandies.com\/pt\/wp-json\/wp\/v2\/media\/12701"}],"wp:attachment":[{"href":"https:\/\/www.vidalcandies.com\/pt\/wp-json\/wp\/v2\/media?parent=12698"}],"wp:term":[{"taxonomy":"tipo-producto","embeddable":true,"href":"https:\/\/www.vidalcandies.com\/pt\/wp-json\/wp\/v2\/tipo-producto?post=12698"},{"taxonomy":"product_cat","embeddable":true,"href":"https:\/\/www.vidalcandies.com\/pt\/wp-json\/wp\/v2\/product_cat?post=12698"},{"taxonomy":"product_tag","embeddable":true,"href":"https:\/\/www.vidalcandies.com\/pt\/wp-json\/wp\/v2\/product_tag?post=12698"}],"curies":[{"name":"wp","href":"https:\/\/api.w.org\/{rel}","templated":true}]}}