{"id":12754,"date":"2024-06-03T00:00:00","date_gmt":"2024-06-02T22:00:00","guid":{"rendered":"https:\/\/www.vidalcandies.com\/producto\/huevos-pica\/"},"modified":"2025-07-10T13:15:31","modified_gmt":"2025-07-10T11:15:31","slug":"ovos-picantes","status":"publish","type":"product","link":"https:\/\/www.vidalcandies.com\/pt\/producto\/ovos-picantes\/","title":{"rendered":"Ovos Picantes"},"content":{"rendered":"A goma da Vidal, em forma de ovo estrelado, coberto com uma divertida cobertura \u00e1cida em sabores como morango, lim\u00e3o, laranja, ma\u00e7\u00e3, anan\u00e1s e framboesa, \u00e9 uma cria\u00e7\u00e3o genial e original da Vidal Golosinas. Uma vers\u00e3o ousada de um dos cl\u00e1ssicos que o surpreender\u00e1 pelos seus sabores intensos e variados. Experimente!","protected":false},"excerpt":{"rendered":"A goma da Vidal, em forma de ovo estrelado, coberto com uma divertida cobertura \u00e1cida em sabores como morango, lim\u00e3o, laranja, ma\u00e7\u00e3, anan\u00e1s e framboesa, \u00e9 uma cria\u00e7\u00e3o genial e original da Vidal Golosinas. Uma vers\u00e3o ousada de um dos cl\u00e1ssicos que o surpreender\u00e1 pelos seus sabores intensos e variados. Experimente!","protected":false},"featured_media":12757,"comment_status":"closed","ping_status":"closed","template":"","meta":{"_acf_changed":false,"_trash_the_other_posts":false,"editor_notices":[]},"tipo-producto":[],"product_cat":[19],"product_tag":[],"class_list":{"2":"type-product","7":"product","8":"first","9":"instock","10":"product-type-simple"},"acf":[],"yoast_head":"<!-- This site is optimized with the Yoast SEO plugin v24.2 - https:\/\/yoast.com\/wordpress\/plugins\/seo\/ -->\n<title>- Ovos Picantes<\/title>\n<meta name=\"description\" content=\"A goma da Vidal, em forma de ovo estrelado, coberto com uma divertida cobertura \u00e1cida em sabores como morango, lim\u00e3o, laranja, ma\u00e7\u00e3, anan\u00e1s e framboesa, \u00e9 uma cria\u00e7\u00e3o genial e original da Vidal Golosinas. Uma vers\u00e3o ousada de um dos cl\u00e1ssicos que o surpreender\u00e1 pelos seus sabores intensos e variados. Experimente!\" \/>\n<meta name=\"robots\" content=\"noindex, nofollow\" \/>\n<meta property=\"og:locale\" content=\"pt_PT\" \/>\n<meta property=\"og:type\" content=\"article\" \/>\n<meta property=\"og:title\" content=\"- Ovos Picantes\" \/>\n<meta property=\"og:description\" content=\"A goma da Vidal, em forma de ovo estrelado, coberto com uma divertida cobertura \u00e1cida em sabores como morango, lim\u00e3o, laranja, ma\u00e7\u00e3, anan\u00e1s e framboesa, \u00e9 uma cria\u00e7\u00e3o genial e original da Vidal Golosinas. Uma vers\u00e3o ousada de um dos cl\u00e1ssicos que o surpreender\u00e1 pelos seus sabores intensos e variados. Experimente!\" \/>\n<meta property=\"og:url\" content=\"https:\/\/www.vidalcandies.com\/pt\/producto\/ovos-picantes\/\" \/>\n<meta property=\"og:site_name\" content=\"Vidal Golosinas\" \/>\n<meta property=\"article:publisher\" content=\"https:\/\/www.facebook.com\/GolosinasVidal\/\" \/>\n<meta property=\"article:modified_time\" content=\"2025-07-10T11:15:31+00:00\" \/>\n<meta property=\"og:image\" content=\"https:\/\/www.vidalcandies.com\/wp-content\/uploads\/2024\/07\/vidal-golosinas-huevos-pica-1.png\" \/>\n<meta name=\"twitter:card\" content=\"summary_large_image\" \/>\n<meta name=\"twitter:title\" content=\"- Ovos Picantes\" \/>\n<meta name=\"twitter:description\" content=\"A goma da Vidal, em forma de ovo estrelado, coberto com uma divertida cobertura \u00e1cida em sabores como morango, lim\u00e3o, laranja, ma\u00e7\u00e3, anan\u00e1s e framboesa, \u00e9 uma cria\u00e7\u00e3o genial e original da Vidal Golosinas. Uma vers\u00e3o ousada de um dos cl\u00e1ssicos que o surpreender\u00e1 pelos seus sabores intensos e variados. Experimente!\" \/>\n<meta name=\"twitter:image\" content=\"https:\/\/www.vidalcandies.com\/wp-content\/uploads\/2024\/07\/vidal-golosinas-huevos-pica-1.png\" \/>\n<meta name=\"twitter:site\" content=\"@Vidal_Golosinas\" \/>\n<script type=\"application\/ld+json\" class=\"yoast-schema-graph\">{\"@context\":\"https:\/\/schema.org\",\"@graph\":[{\"@type\":\"WebPage\",\"@id\":\"https:\/\/www.vidalcandies.com\/pt\/producto\/ovos-picantes\/\",\"url\":\"https:\/\/www.vidalcandies.com\/pt\/producto\/ovos-picantes\/\",\"name\":\"- Ovos Picantes\",\"isPartOf\":{\"@id\":\"https:\/\/www.vidalcandies.com\/pt\/#website\"},\"primaryImageOfPage\":{\"@id\":\"https:\/\/www.vidalcandies.com\/pt\/producto\/ovos-picantes\/#primaryimage\"},\"image\":{\"@id\":\"https:\/\/www.vidalcandies.com\/pt\/producto\/ovos-picantes\/#primaryimage\"},\"thumbnailUrl\":\"https:\/\/www.vidalcandies.com\/pt\/wp-content\/uploads\/sites\/4\/2024\/07\/vidal-golosinas-huevos-pica-1-ext.png\",\"datePublished\":\"2024-06-02T22:00:00+00:00\",\"dateModified\":\"2025-07-10T11:15:31+00:00\",\"description\":\"A goma da Vidal, em forma de ovo estrelado, coberto com uma divertida cobertura \u00e1cida em sabores como morango, lim\u00e3o, laranja, ma\u00e7\u00e3, anan\u00e1s e framboesa, \u00e9 uma cria\u00e7\u00e3o genial e original da Vidal Golosinas. Uma vers\u00e3o ousada de um dos cl\u00e1ssicos que o surpreender\u00e1 pelos seus sabores intensos e variados. Experimente!\",\"breadcrumb\":{\"@id\":\"https:\/\/www.vidalcandies.com\/pt\/producto\/ovos-picantes\/#breadcrumb\"},\"inLanguage\":\"pt-PT\",\"potentialAction\":[{\"@type\":\"ReadAction\",\"target\":[\"https:\/\/www.vidalcandies.com\/pt\/producto\/ovos-picantes\/\"]}]},{\"@type\":\"ImageObject\",\"inLanguage\":\"pt-PT\",\"@id\":\"https:\/\/www.vidalcandies.com\/pt\/producto\/ovos-picantes\/#primaryimage\",\"url\":\"https:\/\/www.vidalcandies.com\/pt\/wp-content\/uploads\/sites\/4\/2024\/07\/vidal-golosinas-huevos-pica-1-ext.png\",\"contentUrl\":\"https:\/\/www.vidalcandies.com\/pt\/wp-content\/uploads\/sites\/4\/2024\/07\/vidal-golosinas-huevos-pica-1-ext.png\",\"width\":1000,\"height\":1000,\"caption\":\"Huevos Pica\"},{\"@type\":\"BreadcrumbList\",\"@id\":\"https:\/\/www.vidalcandies.com\/pt\/producto\/ovos-picantes\/#breadcrumb\",\"itemListElement\":[{\"@type\":\"ListItem\",\"position\":1,\"name\":\"Home\",\"item\":\"https:\/\/www.vidalcandies.com\/pt\/\"},{\"@type\":\"ListItem\",\"position\":2,\"name\":\"Cat\u00e1logo\",\"item\":\"https:\/\/www.vidalcandies.com\/pt\/catalogo\/\"},{\"@type\":\"ListItem\",\"position\":3,\"name\":\"Ovos Picantes\"}]},{\"@type\":\"WebSite\",\"@id\":\"https:\/\/www.vidalcandies.com\/pt\/#website\",\"url\":\"https:\/\/www.vidalcandies.com\/pt\/\",\"name\":\"Vidal Golosinas\",\"description\":\"\",\"publisher\":{\"@id\":\"https:\/\/www.vidalcandies.com\/pt\/#organization\"},\"alternateName\":\"Vidal Golosinas\",\"potentialAction\":[{\"@type\":\"SearchAction\",\"target\":{\"@type\":\"EntryPoint\",\"urlTemplate\":\"https:\/\/www.vidalcandies.com\/pt\/?s={search_term_string}\"},\"query-input\":{\"@type\":\"PropertyValueSpecification\",\"valueRequired\":true,\"valueName\":\"search_term_string\"}}],\"inLanguage\":\"pt-PT\"},{\"@type\":\"Organization\",\"@id\":\"https:\/\/www.vidalcandies.com\/pt\/#organization\",\"name\":\"Vidal Golosinas\",\"alternateName\":\"Vidal Golosinas\",\"url\":\"https:\/\/www.vidalcandies.com\/pt\/\",\"logo\":{\"@type\":\"ImageObject\",\"inLanguage\":\"pt-PT\",\"@id\":\"https:\/\/www.vidalcandies.com\/pt\/#\/schema\/logo\/image\/\",\"url\":\"https:\/\/www.vidalcandies.com\/wp-content\/uploads\/2024\/04\/logotipo-vidal.svg\",\"contentUrl\":\"https:\/\/www.vidalcandies.com\/wp-content\/uploads\/2024\/04\/logotipo-vidal.svg\",\"width\":260,\"height\":116,\"caption\":\"Vidal Golosinas\"},\"image\":{\"@id\":\"https:\/\/www.vidalcandies.com\/pt\/#\/schema\/logo\/image\/\"},\"sameAs\":[\"https:\/\/www.facebook.com\/GolosinasVidal\/\",\"https:\/\/x.com\/Vidal_Golosinas\",\"https:\/\/www.instagram.com\/vidalgolosinas\/\",\"https:\/\/www.linkedin.com\/company\/vidalgolosinas\/?originalSubdomain=es\",\"https:\/\/www.youtube.com\/channel\/UCL3pvbVj0ANtOPdNiXsXs6A\"]}]}<\/script>\n<!-- \/ Yoast SEO plugin. -->","yoast_head_json":{"title":"- Ovos Picantes","description":"A goma da Vidal, em forma de ovo estrelado, coberto com uma divertida cobertura \u00e1cida em sabores como morango, lim\u00e3o, laranja, ma\u00e7\u00e3, anan\u00e1s e framboesa, \u00e9 uma cria\u00e7\u00e3o genial e original da Vidal Golosinas. Uma vers\u00e3o ousada de um dos cl\u00e1ssicos que o surpreender\u00e1 pelos seus sabores intensos e variados. Experimente!","robots":{"index":"noindex","follow":"nofollow"},"og_locale":"pt_PT","og_type":"article","og_title":"- Ovos Picantes","og_description":"A goma da Vidal, em forma de ovo estrelado, coberto com uma divertida cobertura \u00e1cida em sabores como morango, lim\u00e3o, laranja, ma\u00e7\u00e3, anan\u00e1s e framboesa, \u00e9 uma cria\u00e7\u00e3o genial e original da Vidal Golosinas. Uma vers\u00e3o ousada de um dos cl\u00e1ssicos que o surpreender\u00e1 pelos seus sabores intensos e variados. Experimente!","og_url":"https:\/\/www.vidalcandies.com\/pt\/producto\/ovos-picantes\/","og_site_name":"Vidal Golosinas","article_publisher":"https:\/\/www.facebook.com\/GolosinasVidal\/","article_modified_time":"2025-07-10T11:15:31+00:00","og_image":[{"url":"https:\/\/www.vidalcandies.com\/wp-content\/uploads\/2024\/07\/vidal-golosinas-huevos-pica-1.png","type":"","width":"","height":""}],"twitter_card":"summary_large_image","twitter_title":"- Ovos Picantes","twitter_description":"A goma da Vidal, em forma de ovo estrelado, coberto com uma divertida cobertura \u00e1cida em sabores como morango, lim\u00e3o, laranja, ma\u00e7\u00e3, anan\u00e1s e framboesa, \u00e9 uma cria\u00e7\u00e3o genial e original da Vidal Golosinas. Uma vers\u00e3o ousada de um dos cl\u00e1ssicos que o surpreender\u00e1 pelos seus sabores intensos e variados. Experimente!","twitter_image":"https:\/\/www.vidalcandies.com\/wp-content\/uploads\/2024\/07\/vidal-golosinas-huevos-pica-1.png","twitter_site":"@Vidal_Golosinas","schema":{"@context":"https:\/\/schema.org","@graph":[{"@type":"WebPage","@id":"https:\/\/www.vidalcandies.com\/pt\/producto\/ovos-picantes\/","url":"https:\/\/www.vidalcandies.com\/pt\/producto\/ovos-picantes\/","name":"- Ovos Picantes","isPartOf":{"@id":"https:\/\/www.vidalcandies.com\/pt\/#website"},"primaryImageOfPage":{"@id":"https:\/\/www.vidalcandies.com\/pt\/producto\/ovos-picantes\/#primaryimage"},"image":{"@id":"https:\/\/www.vidalcandies.com\/pt\/producto\/ovos-picantes\/#primaryimage"},"thumbnailUrl":"https:\/\/www.vidalcandies.com\/pt\/wp-content\/uploads\/sites\/4\/2024\/07\/vidal-golosinas-huevos-pica-1-ext.png","datePublished":"2024-06-02T22:00:00+00:00","dateModified":"2025-07-10T11:15:31+00:00","description":"A goma da Vidal, em forma de ovo estrelado, coberto com uma divertida cobertura \u00e1cida em sabores como morango, lim\u00e3o, laranja, ma\u00e7\u00e3, anan\u00e1s e framboesa, \u00e9 uma cria\u00e7\u00e3o genial e original da Vidal Golosinas. Uma vers\u00e3o ousada de um dos cl\u00e1ssicos que o surpreender\u00e1 pelos seus sabores intensos e variados. Experimente!","breadcrumb":{"@id":"https:\/\/www.vidalcandies.com\/pt\/producto\/ovos-picantes\/#breadcrumb"},"inLanguage":"pt-PT","potentialAction":[{"@type":"ReadAction","target":["https:\/\/www.vidalcandies.com\/pt\/producto\/ovos-picantes\/"]}]},{"@type":"ImageObject","inLanguage":"pt-PT","@id":"https:\/\/www.vidalcandies.com\/pt\/producto\/ovos-picantes\/#primaryimage","url":"https:\/\/www.vidalcandies.com\/pt\/wp-content\/uploads\/sites\/4\/2024\/07\/vidal-golosinas-huevos-pica-1-ext.png","contentUrl":"https:\/\/www.vidalcandies.com\/pt\/wp-content\/uploads\/sites\/4\/2024\/07\/vidal-golosinas-huevos-pica-1-ext.png","width":1000,"height":1000,"caption":"Huevos Pica"},{"@type":"BreadcrumbList","@id":"https:\/\/www.vidalcandies.com\/pt\/producto\/ovos-picantes\/#breadcrumb","itemListElement":[{"@type":"ListItem","position":1,"name":"Home","item":"https:\/\/www.vidalcandies.com\/pt\/"},{"@type":"ListItem","position":2,"name":"Cat\u00e1logo","item":"https:\/\/www.vidalcandies.com\/pt\/catalogo\/"},{"@type":"ListItem","position":3,"name":"Ovos Picantes"}]},{"@type":"WebSite","@id":"https:\/\/www.vidalcandies.com\/pt\/#website","url":"https:\/\/www.vidalcandies.com\/pt\/","name":"Vidal Golosinas","description":"","publisher":{"@id":"https:\/\/www.vidalcandies.com\/pt\/#organization"},"alternateName":"Vidal Golosinas","potentialAction":[{"@type":"SearchAction","target":{"@type":"EntryPoint","urlTemplate":"https:\/\/www.vidalcandies.com\/pt\/?s={search_term_string}"},"query-input":{"@type":"PropertyValueSpecification","valueRequired":true,"valueName":"search_term_string"}}],"inLanguage":"pt-PT"},{"@type":"Organization","@id":"https:\/\/www.vidalcandies.com\/pt\/#organization","name":"Vidal Golosinas","alternateName":"Vidal Golosinas","url":"https:\/\/www.vidalcandies.com\/pt\/","logo":{"@type":"ImageObject","inLanguage":"pt-PT","@id":"https:\/\/www.vidalcandies.com\/pt\/#\/schema\/logo\/image\/","url":"https:\/\/www.vidalcandies.com\/wp-content\/uploads\/2024\/04\/logotipo-vidal.svg","contentUrl":"https:\/\/www.vidalcandies.com\/wp-content\/uploads\/2024\/04\/logotipo-vidal.svg","width":260,"height":116,"caption":"Vidal Golosinas"},"image":{"@id":"https:\/\/www.vidalcandies.com\/pt\/#\/schema\/logo\/image\/"},"sameAs":["https:\/\/www.facebook.com\/GolosinasVidal\/","https:\/\/x.com\/Vidal_Golosinas","https:\/\/www.instagram.com\/vidalgolosinas\/","https:\/\/www.linkedin.com\/company\/vidalgolosinas\/?originalSubdomain=es","https:\/\/www.youtube.com\/channel\/UCL3pvbVj0ANtOPdNiXsXs6A"]}]}},"_links":{"self":[{"href":"https:\/\/www.vidalcandies.com\/pt\/wp-json\/wp\/v2\/product\/12754","targetHints":{"allow":["GET"]}}],"collection":[{"href":"https:\/\/www.vidalcandies.com\/pt\/wp-json\/wp\/v2\/product"}],"about":[{"href":"https:\/\/www.vidalcandies.com\/pt\/wp-json\/wp\/v2\/types\/product"}],"replies":[{"embeddable":true,"href":"https:\/\/www.vidalcandies.com\/pt\/wp-json\/wp\/v2\/comments?post=12754"}],"wp:featuredmedia":[{"embeddable":true,"href":"https:\/\/www.vidalcandies.com\/pt\/wp-json\/wp\/v2\/media\/12757"}],"wp:attachment":[{"href":"https:\/\/www.vidalcandies.com\/pt\/wp-json\/wp\/v2\/media?parent=12754"}],"wp:term":[{"taxonomy":"tipo-producto","embeddable":true,"href":"https:\/\/www.vidalcandies.com\/pt\/wp-json\/wp\/v2\/tipo-producto?post=12754"},{"taxonomy":"product_cat","embeddable":true,"href":"https:\/\/www.vidalcandies.com\/pt\/wp-json\/wp\/v2\/product_cat?post=12754"},{"taxonomy":"product_tag","embeddable":true,"href":"https:\/\/www.vidalcandies.com\/pt\/wp-json\/wp\/v2\/product_tag?post=12754"}],"curies":[{"name":"wp","href":"https:\/\/api.w.org\/{rel}","templated":true}]}}