{"id":12918,"date":"2024-06-03T00:00:00","date_gmt":"2024-06-02T22:00:00","guid":{"rendered":"https:\/\/www.vidalcandies.com\/producto\/softfruit\/"},"modified":"2025-07-10T13:15:33","modified_gmt":"2025-07-10T11:15:33","slug":"softfruit","status":"publish","type":"product","link":"https:\/\/www.vidalcandies.com\/pt\/producto\/softfruit\/","title":{"rendered":"SoftFruit"},"content":{"rendered":"Experimentar as deliciosas gomas da marca SoftFruit, com a sua rica variedade de sabores a fruta como lim\u00e3o, anan\u00e1s, laranja e ma\u00e7\u00e3, \u00e9 deliciar-se com a sua textura suave envolta numa irresist\u00edvel cobertura de a\u00e7\u00facar. Uma experi\u00eancia de sabor \u00fanica que o convidar\u00e1 a desfrutar de cada dentada.","protected":false},"excerpt":{"rendered":"Experimentar as deliciosas gomas da marca SoftFruit, com a sua rica variedade de sabores a fruta como lim\u00e3o, anan\u00e1s, laranja e ma\u00e7\u00e3, \u00e9 deliciar-se com a sua textura suave envolta numa irresist\u00edvel cobertura de a\u00e7\u00facar. Uma experi\u00eancia de sabor \u00fanica que o convidar\u00e1 a desfrutar de cada dentada.","protected":false},"featured_media":12921,"comment_status":"closed","ping_status":"closed","template":"","meta":{"_acf_changed":false,"_trash_the_other_posts":false,"editor_notices":[]},"tipo-producto":[],"product_cat":[19],"product_tag":[],"class_list":{"2":"type-product","8":"product","9":"first","10":"instock","11":"product-type-simple"},"acf":[],"yoast_head":"<!-- This site is optimized with the Yoast SEO plugin v24.2 - https:\/\/yoast.com\/wordpress\/plugins\/seo\/ -->\n<title>Softfruit - SoftFruit<\/title>\n<meta name=\"description\" content=\"Experimentar as deliciosas gomas da marca SoftFruit, com a sua rica variedade de sabores a fruta como lim\u00e3o, anan\u00e1s, laranja e ma\u00e7\u00e3, \u00e9 deliciar-se com a sua textura suave envolta numa irresist\u00edvel cobertura de a\u00e7\u00facar. Uma experi\u00eancia de sabor \u00fanica que o convidar\u00e1 a desfrutar de cada dentada.\" \/>\n<meta name=\"robots\" content=\"noindex, nofollow\" \/>\n<meta property=\"og:locale\" content=\"pt_PT\" \/>\n<meta property=\"og:type\" content=\"article\" \/>\n<meta property=\"og:title\" content=\"Softfruit - SoftFruit\" \/>\n<meta property=\"og:description\" content=\"Experimentar as deliciosas gomas da marca SoftFruit, com a sua rica variedade de sabores a fruta como lim\u00e3o, anan\u00e1s, laranja e ma\u00e7\u00e3, \u00e9 deliciar-se com a sua textura suave envolta numa irresist\u00edvel cobertura de a\u00e7\u00facar. Uma experi\u00eancia de sabor \u00fanica que o convidar\u00e1 a desfrutar de cada dentada.\" \/>\n<meta property=\"og:url\" content=\"https:\/\/www.vidalcandies.com\/pt\/producto\/softfruit\/\" \/>\n<meta property=\"og:site_name\" content=\"Vidal Golosinas\" \/>\n<meta property=\"article:publisher\" content=\"https:\/\/www.facebook.com\/GolosinasVidal\/\" \/>\n<meta property=\"article:modified_time\" content=\"2025-07-10T11:15:33+00:00\" \/>\n<meta property=\"og:image\" content=\"https:\/\/www.vidalcandies.com\/wp-content\/uploads\/2024\/07\/vidal-golosinas-softfruit-1.png\" \/>\n<meta name=\"twitter:card\" content=\"summary_large_image\" \/>\n<meta name=\"twitter:title\" content=\"Softfruit - SoftFruit\" \/>\n<meta name=\"twitter:description\" content=\"Experimentar as deliciosas gomas da marca SoftFruit, com a sua rica variedade de sabores a fruta como lim\u00e3o, anan\u00e1s, laranja e ma\u00e7\u00e3, \u00e9 deliciar-se com a sua textura suave envolta numa irresist\u00edvel cobertura de a\u00e7\u00facar. Uma experi\u00eancia de sabor \u00fanica que o convidar\u00e1 a desfrutar de cada dentada.\" \/>\n<meta name=\"twitter:image\" content=\"https:\/\/www.vidalcandies.com\/wp-content\/uploads\/2024\/07\/vidal-golosinas-softfruit-1.png\" \/>\n<meta name=\"twitter:site\" content=\"@Vidal_Golosinas\" \/>\n<script type=\"application\/ld+json\" class=\"yoast-schema-graph\">{\"@context\":\"https:\/\/schema.org\",\"@graph\":[{\"@type\":\"WebPage\",\"@id\":\"https:\/\/www.vidalcandies.com\/pt\/producto\/softfruit\/\",\"url\":\"https:\/\/www.vidalcandies.com\/pt\/producto\/softfruit\/\",\"name\":\"Softfruit - SoftFruit\",\"isPartOf\":{\"@id\":\"https:\/\/www.vidalcandies.com\/pt\/#website\"},\"primaryImageOfPage\":{\"@id\":\"https:\/\/www.vidalcandies.com\/pt\/producto\/softfruit\/#primaryimage\"},\"image\":{\"@id\":\"https:\/\/www.vidalcandies.com\/pt\/producto\/softfruit\/#primaryimage\"},\"thumbnailUrl\":\"https:\/\/www.vidalcandies.com\/pt\/wp-content\/uploads\/sites\/4\/2024\/07\/vidal-golosinas-softfruit-1-ext.png\",\"datePublished\":\"2024-06-02T22:00:00+00:00\",\"dateModified\":\"2025-07-10T11:15:33+00:00\",\"description\":\"Experimentar as deliciosas gomas da marca SoftFruit, com a sua rica variedade de sabores a fruta como lim\u00e3o, anan\u00e1s, laranja e ma\u00e7\u00e3, \u00e9 deliciar-se com a sua textura suave envolta numa irresist\u00edvel cobertura de a\u00e7\u00facar. Uma experi\u00eancia de sabor \u00fanica que o convidar\u00e1 a desfrutar de cada dentada.\",\"breadcrumb\":{\"@id\":\"https:\/\/www.vidalcandies.com\/pt\/producto\/softfruit\/#breadcrumb\"},\"inLanguage\":\"pt-PT\",\"potentialAction\":[{\"@type\":\"ReadAction\",\"target\":[\"https:\/\/www.vidalcandies.com\/pt\/producto\/softfruit\/\"]}]},{\"@type\":\"ImageObject\",\"inLanguage\":\"pt-PT\",\"@id\":\"https:\/\/www.vidalcandies.com\/pt\/producto\/softfruit\/#primaryimage\",\"url\":\"https:\/\/www.vidalcandies.com\/pt\/wp-content\/uploads\/sites\/4\/2024\/07\/vidal-golosinas-softfruit-1-ext.png\",\"contentUrl\":\"https:\/\/www.vidalcandies.com\/pt\/wp-content\/uploads\/sites\/4\/2024\/07\/vidal-golosinas-softfruit-1-ext.png\",\"width\":1000,\"height\":1000,\"caption\":\"SoftFruit\"},{\"@type\":\"BreadcrumbList\",\"@id\":\"https:\/\/www.vidalcandies.com\/pt\/producto\/softfruit\/#breadcrumb\",\"itemListElement\":[{\"@type\":\"ListItem\",\"position\":1,\"name\":\"Home\",\"item\":\"https:\/\/www.vidalcandies.com\/pt\/\"},{\"@type\":\"ListItem\",\"position\":2,\"name\":\"Cat\u00e1logo\",\"item\":\"https:\/\/www.vidalcandies.com\/pt\/catalogo\/\"},{\"@type\":\"ListItem\",\"position\":3,\"name\":\"SoftFruit\"}]},{\"@type\":\"WebSite\",\"@id\":\"https:\/\/www.vidalcandies.com\/pt\/#website\",\"url\":\"https:\/\/www.vidalcandies.com\/pt\/\",\"name\":\"Vidal Golosinas\",\"description\":\"\",\"publisher\":{\"@id\":\"https:\/\/www.vidalcandies.com\/pt\/#organization\"},\"alternateName\":\"Vidal Golosinas\",\"potentialAction\":[{\"@type\":\"SearchAction\",\"target\":{\"@type\":\"EntryPoint\",\"urlTemplate\":\"https:\/\/www.vidalcandies.com\/pt\/?s={search_term_string}\"},\"query-input\":{\"@type\":\"PropertyValueSpecification\",\"valueRequired\":true,\"valueName\":\"search_term_string\"}}],\"inLanguage\":\"pt-PT\"},{\"@type\":\"Organization\",\"@id\":\"https:\/\/www.vidalcandies.com\/pt\/#organization\",\"name\":\"Vidal Golosinas\",\"alternateName\":\"Vidal Golosinas\",\"url\":\"https:\/\/www.vidalcandies.com\/pt\/\",\"logo\":{\"@type\":\"ImageObject\",\"inLanguage\":\"pt-PT\",\"@id\":\"https:\/\/www.vidalcandies.com\/pt\/#\/schema\/logo\/image\/\",\"url\":\"https:\/\/www.vidalcandies.com\/wp-content\/uploads\/2024\/04\/logotipo-vidal.svg\",\"contentUrl\":\"https:\/\/www.vidalcandies.com\/wp-content\/uploads\/2024\/04\/logotipo-vidal.svg\",\"width\":260,\"height\":116,\"caption\":\"Vidal Golosinas\"},\"image\":{\"@id\":\"https:\/\/www.vidalcandies.com\/pt\/#\/schema\/logo\/image\/\"},\"sameAs\":[\"https:\/\/www.facebook.com\/GolosinasVidal\/\",\"https:\/\/x.com\/Vidal_Golosinas\",\"https:\/\/www.instagram.com\/vidalgolosinas\/\",\"https:\/\/www.linkedin.com\/company\/vidalgolosinas\/?originalSubdomain=es\",\"https:\/\/www.youtube.com\/channel\/UCL3pvbVj0ANtOPdNiXsXs6A\"]}]}<\/script>\n<!-- \/ Yoast SEO plugin. -->","yoast_head_json":{"title":"Softfruit - SoftFruit","description":"Experimentar as deliciosas gomas da marca SoftFruit, com a sua rica variedade de sabores a fruta como lim\u00e3o, anan\u00e1s, laranja e ma\u00e7\u00e3, \u00e9 deliciar-se com a sua textura suave envolta numa irresist\u00edvel cobertura de a\u00e7\u00facar. Uma experi\u00eancia de sabor \u00fanica que o convidar\u00e1 a desfrutar de cada dentada.","robots":{"index":"noindex","follow":"nofollow"},"og_locale":"pt_PT","og_type":"article","og_title":"Softfruit - SoftFruit","og_description":"Experimentar as deliciosas gomas da marca SoftFruit, com a sua rica variedade de sabores a fruta como lim\u00e3o, anan\u00e1s, laranja e ma\u00e7\u00e3, \u00e9 deliciar-se com a sua textura suave envolta numa irresist\u00edvel cobertura de a\u00e7\u00facar. Uma experi\u00eancia de sabor \u00fanica que o convidar\u00e1 a desfrutar de cada dentada.","og_url":"https:\/\/www.vidalcandies.com\/pt\/producto\/softfruit\/","og_site_name":"Vidal Golosinas","article_publisher":"https:\/\/www.facebook.com\/GolosinasVidal\/","article_modified_time":"2025-07-10T11:15:33+00:00","og_image":[{"url":"https:\/\/www.vidalcandies.com\/wp-content\/uploads\/2024\/07\/vidal-golosinas-softfruit-1.png","type":"","width":"","height":""}],"twitter_card":"summary_large_image","twitter_title":"Softfruit - SoftFruit","twitter_description":"Experimentar as deliciosas gomas da marca SoftFruit, com a sua rica variedade de sabores a fruta como lim\u00e3o, anan\u00e1s, laranja e ma\u00e7\u00e3, \u00e9 deliciar-se com a sua textura suave envolta numa irresist\u00edvel cobertura de a\u00e7\u00facar. Uma experi\u00eancia de sabor \u00fanica que o convidar\u00e1 a desfrutar de cada dentada.","twitter_image":"https:\/\/www.vidalcandies.com\/wp-content\/uploads\/2024\/07\/vidal-golosinas-softfruit-1.png","twitter_site":"@Vidal_Golosinas","schema":{"@context":"https:\/\/schema.org","@graph":[{"@type":"WebPage","@id":"https:\/\/www.vidalcandies.com\/pt\/producto\/softfruit\/","url":"https:\/\/www.vidalcandies.com\/pt\/producto\/softfruit\/","name":"Softfruit - SoftFruit","isPartOf":{"@id":"https:\/\/www.vidalcandies.com\/pt\/#website"},"primaryImageOfPage":{"@id":"https:\/\/www.vidalcandies.com\/pt\/producto\/softfruit\/#primaryimage"},"image":{"@id":"https:\/\/www.vidalcandies.com\/pt\/producto\/softfruit\/#primaryimage"},"thumbnailUrl":"https:\/\/www.vidalcandies.com\/pt\/wp-content\/uploads\/sites\/4\/2024\/07\/vidal-golosinas-softfruit-1-ext.png","datePublished":"2024-06-02T22:00:00+00:00","dateModified":"2025-07-10T11:15:33+00:00","description":"Experimentar as deliciosas gomas da marca SoftFruit, com a sua rica variedade de sabores a fruta como lim\u00e3o, anan\u00e1s, laranja e ma\u00e7\u00e3, \u00e9 deliciar-se com a sua textura suave envolta numa irresist\u00edvel cobertura de a\u00e7\u00facar. Uma experi\u00eancia de sabor \u00fanica que o convidar\u00e1 a desfrutar de cada dentada.","breadcrumb":{"@id":"https:\/\/www.vidalcandies.com\/pt\/producto\/softfruit\/#breadcrumb"},"inLanguage":"pt-PT","potentialAction":[{"@type":"ReadAction","target":["https:\/\/www.vidalcandies.com\/pt\/producto\/softfruit\/"]}]},{"@type":"ImageObject","inLanguage":"pt-PT","@id":"https:\/\/www.vidalcandies.com\/pt\/producto\/softfruit\/#primaryimage","url":"https:\/\/www.vidalcandies.com\/pt\/wp-content\/uploads\/sites\/4\/2024\/07\/vidal-golosinas-softfruit-1-ext.png","contentUrl":"https:\/\/www.vidalcandies.com\/pt\/wp-content\/uploads\/sites\/4\/2024\/07\/vidal-golosinas-softfruit-1-ext.png","width":1000,"height":1000,"caption":"SoftFruit"},{"@type":"BreadcrumbList","@id":"https:\/\/www.vidalcandies.com\/pt\/producto\/softfruit\/#breadcrumb","itemListElement":[{"@type":"ListItem","position":1,"name":"Home","item":"https:\/\/www.vidalcandies.com\/pt\/"},{"@type":"ListItem","position":2,"name":"Cat\u00e1logo","item":"https:\/\/www.vidalcandies.com\/pt\/catalogo\/"},{"@type":"ListItem","position":3,"name":"SoftFruit"}]},{"@type":"WebSite","@id":"https:\/\/www.vidalcandies.com\/pt\/#website","url":"https:\/\/www.vidalcandies.com\/pt\/","name":"Vidal Golosinas","description":"","publisher":{"@id":"https:\/\/www.vidalcandies.com\/pt\/#organization"},"alternateName":"Vidal Golosinas","potentialAction":[{"@type":"SearchAction","target":{"@type":"EntryPoint","urlTemplate":"https:\/\/www.vidalcandies.com\/pt\/?s={search_term_string}"},"query-input":{"@type":"PropertyValueSpecification","valueRequired":true,"valueName":"search_term_string"}}],"inLanguage":"pt-PT"},{"@type":"Organization","@id":"https:\/\/www.vidalcandies.com\/pt\/#organization","name":"Vidal Golosinas","alternateName":"Vidal Golosinas","url":"https:\/\/www.vidalcandies.com\/pt\/","logo":{"@type":"ImageObject","inLanguage":"pt-PT","@id":"https:\/\/www.vidalcandies.com\/pt\/#\/schema\/logo\/image\/","url":"https:\/\/www.vidalcandies.com\/wp-content\/uploads\/2024\/04\/logotipo-vidal.svg","contentUrl":"https:\/\/www.vidalcandies.com\/wp-content\/uploads\/2024\/04\/logotipo-vidal.svg","width":260,"height":116,"caption":"Vidal Golosinas"},"image":{"@id":"https:\/\/www.vidalcandies.com\/pt\/#\/schema\/logo\/image\/"},"sameAs":["https:\/\/www.facebook.com\/GolosinasVidal\/","https:\/\/x.com\/Vidal_Golosinas","https:\/\/www.instagram.com\/vidalgolosinas\/","https:\/\/www.linkedin.com\/company\/vidalgolosinas\/?originalSubdomain=es","https:\/\/www.youtube.com\/channel\/UCL3pvbVj0ANtOPdNiXsXs6A"]}]}},"_links":{"self":[{"href":"https:\/\/www.vidalcandies.com\/pt\/wp-json\/wp\/v2\/product\/12918","targetHints":{"allow":["GET"]}}],"collection":[{"href":"https:\/\/www.vidalcandies.com\/pt\/wp-json\/wp\/v2\/product"}],"about":[{"href":"https:\/\/www.vidalcandies.com\/pt\/wp-json\/wp\/v2\/types\/product"}],"replies":[{"embeddable":true,"href":"https:\/\/www.vidalcandies.com\/pt\/wp-json\/wp\/v2\/comments?post=12918"}],"wp:featuredmedia":[{"embeddable":true,"href":"https:\/\/www.vidalcandies.com\/pt\/wp-json\/wp\/v2\/media\/12921"}],"wp:attachment":[{"href":"https:\/\/www.vidalcandies.com\/pt\/wp-json\/wp\/v2\/media?parent=12918"}],"wp:term":[{"taxonomy":"tipo-producto","embeddable":true,"href":"https:\/\/www.vidalcandies.com\/pt\/wp-json\/wp\/v2\/tipo-producto?post=12918"},{"taxonomy":"product_cat","embeddable":true,"href":"https:\/\/www.vidalcandies.com\/pt\/wp-json\/wp\/v2\/product_cat?post=12918"},{"taxonomy":"product_tag","embeddable":true,"href":"https:\/\/www.vidalcandies.com\/pt\/wp-json\/wp\/v2\/product_tag?post=12918"}],"curies":[{"name":"wp","href":"https:\/\/api.w.org\/{rel}","templated":true}]}}